{"id":471,"date":"2025-10-28T16:52:48","date_gmt":"2025-10-28T15:52:48","guid":{"rendered":"https:\/\/www.beta.embellissonslatouraine.fr\/?page_id=471"},"modified":"2026-03-13T10:56:30","modified_gmt":"2026-03-13T09:56:30","slug":"arbres-remarquables","status":"publish","type":"page","link":"https:\/\/www.embellissonslatouraine.fr\/index.php\/arbres-remarquables\/","title":{"rendered":"Arbres Remarquables"},"content":{"rendered":"\t\t<div data-elementor-type=\"wp-page\" data-elementor-id=\"471\" class=\"elementor elementor-471\">\n\t\t\t\t<div class=\"elementor-element elementor-element-b2959b7 e-grid e-transform e-con-boxed e-con e-parent\" data-id=\"b2959b7\" data-element_type=\"container\" data-e-type=\"container\" data-settings=\"{&quot;_transform_scale_effect&quot;:{&quot;unit&quot;:&quot;px&quot;,&quot;size&quot;:&quot;&quot;,&quot;sizes&quot;:[]},&quot;_transform_scale_effect_tablet&quot;:{&quot;unit&quot;:&quot;px&quot;,&quot;size&quot;:&quot;&quot;,&quot;sizes&quot;:[]},&quot;_transform_scale_effect_mobile&quot;:{&quot;unit&quot;:&quot;px&quot;,&quot;size&quot;:&quot;&quot;,&quot;sizes&quot;:[]}}\">\n\t\t\t\t\t<div class=\"e-con-inner\">\n\t\t\t\t<div class=\"elementor-element elementor-element-b82abd4 elementor-widget elementor-widget-image\" data-id=\"b82abd4\" data-element_type=\"widget\" data-e-type=\"widget\" data-widget_type=\"image.default\">\n\t\t\t\t\t\t\t\t\t\t\t\t\t\t\t<img decoding=\"async\" width=\"413\" height=\"51\" src=\"https:\/\/www.embellissonslatouraine.fr\/wp-content\/uploads\/2025\/10\/9195.png\" class=\"attachment-large size-large wp-image-497\" alt=\"\" srcset=\"https:\/\/www.embellissonslatouraine.fr\/wp-content\/uploads\/2025\/10\/9195.png 413w, https:\/\/www.embellissonslatouraine.fr\/wp-content\/uploads\/2025\/10\/9195-300x37.png 300w\" sizes=\"(max-width: 413px) 100vw, 413px\" \/>\t\t\t\t\t\t\t\t\t\t\t\t\t\t\t<\/div>\n\t\t\t\t<div class=\"elementor-element elementor-element-e0efe94 elementor-widget elementor-widget-image\" data-id=\"e0efe94\" data-element_type=\"widget\" data-e-type=\"widget\" data-widget_type=\"image.default\">\n\t\t\t\t\t\t\t\t\t\t\t\t\t\t\t<img decoding=\"async\" width=\"329\" height=\"51\" src=\"https:\/\/www.embellissonslatouraine.fr\/wp-content\/uploads\/2025\/10\/9192.png\" class=\"attachment-full size-full wp-image-498\" alt=\"\" srcset=\"https:\/\/www.embellissonslatouraine.fr\/wp-content\/uploads\/2025\/10\/9192.png 329w, https:\/\/www.embellissonslatouraine.fr\/wp-content\/uploads\/2025\/10\/9192-300x47.png 300w\" sizes=\"(max-width: 329px) 100vw, 329px\" \/>\t\t\t\t\t\t\t\t\t\t\t\t\t\t\t<\/div>\n\t\t\t\t\t<\/div>\n\t\t\t\t<\/div>\n\t\t<div class=\"elementor-element elementor-element-b50c6fb e-grid e-con-full e-con e-parent\" data-id=\"b50c6fb\" data-element_type=\"container\" data-e-type=\"container\">\n\t\t\t\t<div class=\"elementor-element elementor-element-bcff5d9 elementor-widget elementor-widget-image\" data-id=\"bcff5d9\" data-element_type=\"widget\" data-e-type=\"widget\" data-widget_type=\"image.default\">\n\t\t\t\t\t\t\t\t\t\t\t\t<figure class=\"wp-caption\">\n\t\t\t\t\t\t\t\t\t\t\t<a href=\"https:\/\/6iq6s.r.a.d.sendibm1.com\/mk\/cl\/f\/ntFUDtSNJLS15XYBOYEGQAlEEx25YK4RSVIes2vcKjNaH17EtALL96tEiW0Qqe3AR31-Qqof7ohu_c8EqoIM1GCrtF1T7WHMQ0xfDj_C3pYjAJxhfGoek-p5zDFhBPzk9R8_0YxypMI8OGJq7MG1ECy2sy7W8U645z6WYtV0VZ6qS4xVEQ1du1ZkWBQoLCe_bfK0eQUC-itZXRs0_OxsAMEpmUdspfugde09jcEYEeBmJKuoNsv0LQ\" target=\"_blank\">\n\t\t\t\t\t\t\t<img fetchpriority=\"high\" decoding=\"async\" width=\"358\" height=\"200\" src=\"https:\/\/www.embellissonslatouraine.fr\/wp-content\/uploads\/2025\/10\/5625.jpg\" class=\"attachment-large size-large wp-image-461\" alt=\"\" srcset=\"https:\/\/www.embellissonslatouraine.fr\/wp-content\/uploads\/2025\/10\/5625.jpg 358w, https:\/\/www.embellissonslatouraine.fr\/wp-content\/uploads\/2025\/10\/5625-300x168.jpg 300w\" sizes=\"(max-width: 358px) 100vw, 358px\" \/>\t\t\t\t\t\t\t\t<\/a>\n\t\t\t\t\t\t\t\t\t\t\t<figcaption class=\"widget-image-caption wp-caption-text\">La d\u00e9claration des droits de l\u2019ARBRE en images et en chanson<\/figcaption>\n\t\t\t\t\t\t\t\t\t\t<\/figure>\n\t\t\t\t\t\t\t\t\t<\/div>\n\t\t\t\t<div class=\"elementor-element elementor-element-d3c2db7 elementor-widget elementor-widget-image\" data-id=\"d3c2db7\" data-element_type=\"widget\" data-e-type=\"widget\" data-widget_type=\"image.default\">\n\t\t\t\t\t\t\t\t\t\t\t\t\t\t\t\t<a href=\"https:\/\/www.calameo.com\/read\/001161664b31c304db527?authid=yFHVpkNSxRoe\" target=\"_blank\">\n\t\t\t\t\t\t\t<img loading=\"lazy\" decoding=\"async\" width=\"500\" height=\"334\" src=\"https:\/\/www.embellissonslatouraine.fr\/wp-content\/uploads\/2025\/10\/5629.jpg\" class=\"attachment-large size-large wp-image-460\" alt=\"\" srcset=\"https:\/\/www.embellissonslatouraine.fr\/wp-content\/uploads\/2025\/10\/5629.jpg 500w, https:\/\/www.embellissonslatouraine.fr\/wp-content\/uploads\/2025\/10\/5629-300x200.jpg 300w\" sizes=\"(max-width: 500px) 100vw, 500px\" \/>\t\t\t\t\t\t\t\t<\/a>\n\t\t\t\t\t\t\t\t\t\t\t\t\t\t\t<\/div>\n\t\t\t\t<div class=\"elementor-element elementor-element-85d1086 elementor-widget elementor-widget-image\" data-id=\"85d1086\" data-element_type=\"widget\" data-e-type=\"widget\" data-widget_type=\"image.default\">\n\t\t\t\t\t\t\t\t\t\t\t\t<figure class=\"wp-caption\">\n\t\t\t\t\t\t\t\t\t\t\t<a href=\"https:\/\/www.arbres.org\/\" target=\"_blank\">\n\t\t\t\t\t\t\t<img loading=\"lazy\" decoding=\"async\" width=\"639\" height=\"360\" src=\"https:\/\/www.embellissonslatouraine.fr\/wp-content\/uploads\/2025\/10\/ARBRES.png\" class=\"attachment-large size-large wp-image-544\" alt=\"\" srcset=\"https:\/\/www.embellissonslatouraine.fr\/wp-content\/uploads\/2025\/10\/ARBRES.png 639w, https:\/\/www.embellissonslatouraine.fr\/wp-content\/uploads\/2025\/10\/ARBRES-300x169.png 300w\" sizes=\"(max-width: 639px) 100vw, 639px\" \/>\t\t\t\t\t\t\t\t<\/a>\n\t\t\t\t\t\t\t\t\t\t\t<figcaption class=\"widget-image-caption wp-caption-text\">BILAN \/ ETUDES \/ RECHERCHES \/ SAUVEGARDE<\/figcaption>\n\t\t\t\t\t\t\t\t\t\t<\/figure>\n\t\t\t\t\t\t\t\t\t<\/div>\n\t\t\t\t<div class=\"elementor-element elementor-element-218220d elementor-widget elementor-widget-text-editor\" data-id=\"218220d\" data-element_type=\"widget\" data-e-type=\"widget\" data-widget_type=\"text-editor.default\">\n\t\t\t\t\t\t\t\t\t<div class=\"xr_txt Normal_text xr_s122\"><strong><span class=\"xr_tl Normal_text xr_s122\">Le Label \u00abArbre Remarquable de France\u00bb<\/span><\/strong><\/div><div class=\"xr_txt xr_s123\"><span class=\"xr_tl xr_s123\">Depuis l&rsquo;an 2000, dans le cadre de l&rsquo;op\u00e9ration : <span class=\"xr_s124\">\u00ab\u00a0200 arbres <\/span><\/span> <span class=\"xr_tl xr_s125\"><span class=\"xr_s124\">pour retrouver nos racines\u00a0\u00bb <\/span><span class=\"xr_s123\">, l\u2019association ARBRES attribue le <\/span><\/span> <span class=\"xr_tl xr_s123\">label <span class=\"xr_s124\">\u00abArbre Remarquable de France\u00bb<\/span>.<\/span> <span class=\"xr_tl xr_s123\">Ce label est attribu\u00e9 aux communes, collectivit\u00e9s territoriales, <\/span> <span class=\"xr_tl xr_s123\">\u00e9tablissements publics et propri\u00e9taires priv\u00e9s qui, poss\u00e9dant un <\/span> <span class=\"xr_tl xr_s123\">arbre exceptionnel, signent un accord de partenariat avec <\/span> <span class=\"xr_tl xr_s123\">l&rsquo;association, impliquant notamment :<\/span> <span class=\"xr_tl xr_s123\"> Un engagement d&rsquo;entretien, de sauvegarde et de mise en <\/span> <span class=\"xr_tl xr_s123\">valeur de l&rsquo;arbre en question, consid\u00e9r\u00e9 comme patrimoine <\/span> <span class=\"xr_tl xr_s123\">naturel et culturel,<\/span> <span class=\"xr_tl xr_s123\"> la mise en place sur le site d&rsquo;un panneau de pr\u00e9sentation de <\/span> <span class=\"xr_tl xr_s123\">l&rsquo;arbre portant le logo de l&rsquo;association.<\/span> <span class=\"xr_tl xr_s123\">Depuis quelques ann\u00e9es, l&rsquo;association A.R.B.R.E.S. et l&rsquo;Office <\/span> <span class=\"xr_tl xr_s123\">National des For\u00eats (ONF) travaillent ensemble dans une <\/span> <span class=\"xr_tl xr_s123\">d\u00e9marche de pr\u00e9servation et de mise en valeur des arbres <\/span> <span class=\"xr_tl xr_s123\">remarquables sur le territoire fran\u00e7ais. (convention de partenariat <\/span> <span class=\"xr_tl xr_s123\">sign\u00e9e en 2002, et renouvel\u00e9e en 2014 \u00e0 l&rsquo;occasion du 1er <\/span> <span class=\"xr_tl xr_s123\">Congr\u00e8s national des Arbres Remarquables).<\/span><\/div>\t\t\t\t\t\t\t\t<\/div>\n\t\t\t\t<\/div>\n\t\t\t\t<\/div>\n\t\t","protected":false},"excerpt":{"rendered":"<p>La d\u00e9claration des droits de l\u2019ARBRE en images et en chanson BILAN \/ ETUDES \/ RECHERCHES \/ SAUVEGARDE Le Label \u00abArbre Remarquable de France\u00bbDepuis l&rsquo;an 2000, dans le cadre de l&rsquo;op\u00e9ration : \u00ab\u00a0200 arbres pour retrouver nos racines\u00a0\u00bb , l\u2019association ARBRES attribue le label \u00abArbre Remarquable de France\u00bb. Ce label est attribu\u00e9 aux communes, collectivit\u00e9s [&hellip;]<\/p>\n","protected":false},"author":2,"featured_media":0,"parent":0,"menu_order":0,"comment_status":"closed","ping_status":"closed","template":"elementor_header_footer","meta":{"_eb_attr":"","ocean_post_layout":"","ocean_both_sidebars_style":"","ocean_both_sidebars_content_width":0,"ocean_both_sidebars_sidebars_width":0,"ocean_sidebar":"","ocean_second_sidebar":"","ocean_disable_margins":"enable","ocean_add_body_class":"","ocean_shortcode_before_top_bar":"","ocean_shortcode_after_top_bar":"","ocean_shortcode_before_header":"","ocean_shortcode_after_header":"","ocean_has_shortcode":"","ocean_shortcode_after_title":"","ocean_shortcode_before_footer_widgets":"","ocean_shortcode_after_footer_widgets":"","ocean_shortcode_before_footer_bottom":"","ocean_shortcode_after_footer_bottom":"","ocean_display_top_bar":"default","ocean_display_header":"default","ocean_header_style":"","ocean_center_header_left_menu":"","ocean_custom_header_template":"","ocean_custom_logo":0,"ocean_custom_retina_logo":0,"ocean_custom_logo_max_width":0,"ocean_custom_logo_tablet_max_width":0,"ocean_custom_logo_mobile_max_width":0,"ocean_custom_logo_max_height":0,"ocean_custom_logo_tablet_max_height":0,"ocean_custom_logo_mobile_max_height":0,"ocean_header_custom_menu":"","ocean_menu_typo_font_family":"","ocean_menu_typo_font_subset":"","ocean_menu_typo_font_size":0,"ocean_menu_typo_font_size_tablet":0,"ocean_menu_typo_font_size_mobile":0,"ocean_menu_typo_font_size_unit":"px","ocean_menu_typo_font_weight":"","ocean_menu_typo_font_weight_tablet":"","ocean_menu_typo_font_weight_mobile":"","ocean_menu_typo_transform":"","ocean_menu_typo_transform_tablet":"","ocean_menu_typo_transform_mobile":"","ocean_menu_typo_line_height":0,"ocean_menu_typo_line_height_tablet":0,"ocean_menu_typo_line_height_mobile":0,"ocean_menu_typo_line_height_unit":"","ocean_menu_typo_spacing":0,"ocean_menu_typo_spacing_tablet":0,"ocean_menu_typo_spacing_mobile":0,"ocean_menu_typo_spacing_unit":"","ocean_menu_link_color":"","ocean_menu_link_color_hover":"","ocean_menu_link_color_active":"","ocean_menu_link_background":"","ocean_menu_link_hover_background":"","ocean_menu_link_active_background":"","ocean_menu_social_links_bg":"","ocean_menu_social_hover_links_bg":"","ocean_menu_social_links_color":"","ocean_menu_social_hover_links_color":"","ocean_disable_title":"default","ocean_disable_heading":"default","ocean_post_title":"","ocean_post_subheading":"","ocean_post_title_style":"","ocean_post_title_background_color":"","ocean_post_title_background":0,"ocean_post_title_bg_image_position":"","ocean_post_title_bg_image_attachment":"","ocean_post_title_bg_image_repeat":"","ocean_post_title_bg_image_size":"","ocean_post_title_height":0,"ocean_post_title_bg_overlay":0.5,"ocean_post_title_bg_overlay_color":"","ocean_disable_breadcrumbs":"default","ocean_breadcrumbs_color":"","ocean_breadcrumbs_separator_color":"","ocean_breadcrumbs_links_color":"","ocean_breadcrumbs_links_hover_color":"","ocean_display_footer_widgets":"default","ocean_display_footer_bottom":"default","ocean_custom_footer_template":"","footnotes":""},"class_list":["post-471","page","type-page","status-publish","hentry","entry"],"yoast_head":"<!-- This site is optimized with the Yoast SEO plugin v27.4 - https:\/\/yoast.com\/product\/yoast-seo-wordpress\/ -->\n<title>Arbres Remarquables - Embellissons la Touraine<\/title>\n<meta name=\"description\" content=\"Les arbres remarquables en Indre et Loire et dans toute la France.\" \/>\n<meta name=\"robots\" content=\"index, follow, max-snippet:-1, max-image-preview:large, max-video-preview:-1\" \/>\n<link rel=\"canonical\" href=\"https:\/\/www.embellissonslatouraine.fr\/index.php\/arbres-remarquables\/\" \/>\n<meta property=\"og:locale\" content=\"fr_FR\" \/>\n<meta property=\"og:type\" content=\"article\" \/>\n<meta property=\"og:title\" content=\"Arbres Remarquables - Embellissons la Touraine\" \/>\n<meta property=\"og:description\" content=\"Les arbres remarquables en Indre et Loire et dans toute la France.\" \/>\n<meta property=\"og:url\" content=\"https:\/\/www.embellissonslatouraine.fr\/index.php\/arbres-remarquables\/\" \/>\n<meta property=\"og:site_name\" content=\"Embellissons la Touraine\" \/>\n<meta property=\"article:modified_time\" content=\"2026-03-13T09:56:30+00:00\" \/>\n<meta property=\"og:image\" content=\"http:\/\/www.embellissonslatouraine.fr\/wp-content\/uploads\/2025\/10\/9195.png\" \/>\n<meta name=\"twitter:card\" content=\"summary_large_image\" \/>\n<meta name=\"twitter:label1\" content=\"Dur\u00e9e de lecture estim\u00e9e\" \/>\n\t<meta name=\"twitter:data1\" content=\"2 minutes\" \/>\n<script type=\"application\/ld+json\" class=\"yoast-schema-graph\">{\"@context\":\"https:\\\/\\\/schema.org\",\"@graph\":[{\"@type\":\"WebPage\",\"@id\":\"https:\\\/\\\/www.embellissonslatouraine.fr\\\/index.php\\\/arbres-remarquables\\\/\",\"url\":\"https:\\\/\\\/www.embellissonslatouraine.fr\\\/index.php\\\/arbres-remarquables\\\/\",\"name\":\"Arbres Remarquables - Embellissons la Touraine\",\"isPartOf\":{\"@id\":\"https:\\\/\\\/www.embellissonslatouraine.fr\\\/#website\"},\"primaryImageOfPage\":{\"@id\":\"https:\\\/\\\/www.embellissonslatouraine.fr\\\/index.php\\\/arbres-remarquables\\\/#primaryimage\"},\"image\":{\"@id\":\"https:\\\/\\\/www.embellissonslatouraine.fr\\\/index.php\\\/arbres-remarquables\\\/#primaryimage\"},\"thumbnailUrl\":\"http:\\\/\\\/www.embellissonslatouraine.fr\\\/wp-content\\\/uploads\\\/2025\\\/10\\\/9195.png\",\"datePublished\":\"2025-10-28T15:52:48+00:00\",\"dateModified\":\"2026-03-13T09:56:30+00:00\",\"description\":\"Les arbres remarquables en Indre et Loire et dans toute la France.\",\"breadcrumb\":{\"@id\":\"https:\\\/\\\/www.embellissonslatouraine.fr\\\/index.php\\\/arbres-remarquables\\\/#breadcrumb\"},\"inLanguage\":\"fr-FR\",\"potentialAction\":[{\"@type\":\"ReadAction\",\"target\":[\"https:\\\/\\\/www.embellissonslatouraine.fr\\\/index.php\\\/arbres-remarquables\\\/\"]}]},{\"@type\":\"ImageObject\",\"inLanguage\":\"fr-FR\",\"@id\":\"https:\\\/\\\/www.embellissonslatouraine.fr\\\/index.php\\\/arbres-remarquables\\\/#primaryimage\",\"url\":\"https:\\\/\\\/www.embellissonslatouraine.fr\\\/wp-content\\\/uploads\\\/2025\\\/10\\\/9195.png\",\"contentUrl\":\"https:\\\/\\\/www.embellissonslatouraine.fr\\\/wp-content\\\/uploads\\\/2025\\\/10\\\/9195.png\",\"width\":413,\"height\":51},{\"@type\":\"BreadcrumbList\",\"@id\":\"https:\\\/\\\/www.embellissonslatouraine.fr\\\/index.php\\\/arbres-remarquables\\\/#breadcrumb\",\"itemListElement\":[{\"@type\":\"ListItem\",\"position\":1,\"name\":\"Accueil\",\"item\":\"https:\\\/\\\/www.embellissonslatouraine.fr\\\/\"},{\"@type\":\"ListItem\",\"position\":2,\"name\":\"Arbres Remarquables\"}]},{\"@type\":\"WebSite\",\"@id\":\"https:\\\/\\\/www.embellissonslatouraine.fr\\\/#website\",\"url\":\"https:\\\/\\\/www.embellissonslatouraine.fr\\\/\",\"name\":\"Embellissons la Touraine\",\"description\":\"Embellissons la Touraine\",\"publisher\":{\"@id\":\"https:\\\/\\\/www.embellissonslatouraine.fr\\\/#organization\"},\"potentialAction\":[{\"@type\":\"SearchAction\",\"target\":{\"@type\":\"EntryPoint\",\"urlTemplate\":\"https:\\\/\\\/www.embellissonslatouraine.fr\\\/?s={search_term_string}\"},\"query-input\":{\"@type\":\"PropertyValueSpecification\",\"valueRequired\":true,\"valueName\":\"search_term_string\"}}],\"inLanguage\":\"fr-FR\"},{\"@type\":\"Organization\",\"@id\":\"https:\\\/\\\/www.embellissonslatouraine.fr\\\/#organization\",\"name\":\"Embellissons la Touraine\",\"url\":\"https:\\\/\\\/www.embellissonslatouraine.fr\\\/\",\"logo\":{\"@type\":\"ImageObject\",\"inLanguage\":\"fr-FR\",\"@id\":\"https:\\\/\\\/www.embellissonslatouraine.fr\\\/#\\\/schema\\\/logo\\\/image\\\/\",\"url\":\"https:\\\/\\\/www.embellissonslatouraine.fr\\\/wp-content\\\/uploads\\\/2025\\\/10\\\/LOGO-OFFICIEL-VILLES-ET-VILLAGES-FLEURIS-JPEG.jpg\",\"contentUrl\":\"https:\\\/\\\/www.embellissonslatouraine.fr\\\/wp-content\\\/uploads\\\/2025\\\/10\\\/LOGO-OFFICIEL-VILLES-ET-VILLAGES-FLEURIS-JPEG.jpg\",\"width\":1578,\"height\":481,\"caption\":\"Embellissons la Touraine\"},\"image\":{\"@id\":\"https:\\\/\\\/www.embellissonslatouraine.fr\\\/#\\\/schema\\\/logo\\\/image\\\/\"}}]}<\/script>\n<!-- \/ Yoast SEO plugin. -->","yoast_head_json":{"title":"Arbres Remarquables - Embellissons la Touraine","description":"Les arbres remarquables en Indre et Loire et dans toute la France.","robots":{"index":"index","follow":"follow","max-snippet":"max-snippet:-1","max-image-preview":"max-image-preview:large","max-video-preview":"max-video-preview:-1"},"canonical":"https:\/\/www.embellissonslatouraine.fr\/index.php\/arbres-remarquables\/","og_locale":"fr_FR","og_type":"article","og_title":"Arbres Remarquables - Embellissons la Touraine","og_description":"Les arbres remarquables en Indre et Loire et dans toute la France.","og_url":"https:\/\/www.embellissonslatouraine.fr\/index.php\/arbres-remarquables\/","og_site_name":"Embellissons la Touraine","article_modified_time":"2026-03-13T09:56:30+00:00","og_image":[{"url":"http:\/\/www.embellissonslatouraine.fr\/wp-content\/uploads\/2025\/10\/9195.png","type":"","width":"","height":""}],"twitter_card":"summary_large_image","twitter_misc":{"Dur\u00e9e de lecture estim\u00e9e":"2 minutes"},"schema":{"@context":"https:\/\/schema.org","@graph":[{"@type":"WebPage","@id":"https:\/\/www.embellissonslatouraine.fr\/index.php\/arbres-remarquables\/","url":"https:\/\/www.embellissonslatouraine.fr\/index.php\/arbres-remarquables\/","name":"Arbres Remarquables - Embellissons la Touraine","isPartOf":{"@id":"https:\/\/www.embellissonslatouraine.fr\/#website"},"primaryImageOfPage":{"@id":"https:\/\/www.embellissonslatouraine.fr\/index.php\/arbres-remarquables\/#primaryimage"},"image":{"@id":"https:\/\/www.embellissonslatouraine.fr\/index.php\/arbres-remarquables\/#primaryimage"},"thumbnailUrl":"http:\/\/www.embellissonslatouraine.fr\/wp-content\/uploads\/2025\/10\/9195.png","datePublished":"2025-10-28T15:52:48+00:00","dateModified":"2026-03-13T09:56:30+00:00","description":"Les arbres remarquables en Indre et Loire et dans toute la France.","breadcrumb":{"@id":"https:\/\/www.embellissonslatouraine.fr\/index.php\/arbres-remarquables\/#breadcrumb"},"inLanguage":"fr-FR","potentialAction":[{"@type":"ReadAction","target":["https:\/\/www.embellissonslatouraine.fr\/index.php\/arbres-remarquables\/"]}]},{"@type":"ImageObject","inLanguage":"fr-FR","@id":"https:\/\/www.embellissonslatouraine.fr\/index.php\/arbres-remarquables\/#primaryimage","url":"https:\/\/www.embellissonslatouraine.fr\/wp-content\/uploads\/2025\/10\/9195.png","contentUrl":"https:\/\/www.embellissonslatouraine.fr\/wp-content\/uploads\/2025\/10\/9195.png","width":413,"height":51},{"@type":"BreadcrumbList","@id":"https:\/\/www.embellissonslatouraine.fr\/index.php\/arbres-remarquables\/#breadcrumb","itemListElement":[{"@type":"ListItem","position":1,"name":"Accueil","item":"https:\/\/www.embellissonslatouraine.fr\/"},{"@type":"ListItem","position":2,"name":"Arbres Remarquables"}]},{"@type":"WebSite","@id":"https:\/\/www.embellissonslatouraine.fr\/#website","url":"https:\/\/www.embellissonslatouraine.fr\/","name":"Embellissons la Touraine","description":"Embellissons la Touraine","publisher":{"@id":"https:\/\/www.embellissonslatouraine.fr\/#organization"},"potentialAction":[{"@type":"SearchAction","target":{"@type":"EntryPoint","urlTemplate":"https:\/\/www.embellissonslatouraine.fr\/?s={search_term_string}"},"query-input":{"@type":"PropertyValueSpecification","valueRequired":true,"valueName":"search_term_string"}}],"inLanguage":"fr-FR"},{"@type":"Organization","@id":"https:\/\/www.embellissonslatouraine.fr\/#organization","name":"Embellissons la Touraine","url":"https:\/\/www.embellissonslatouraine.fr\/","logo":{"@type":"ImageObject","inLanguage":"fr-FR","@id":"https:\/\/www.embellissonslatouraine.fr\/#\/schema\/logo\/image\/","url":"https:\/\/www.embellissonslatouraine.fr\/wp-content\/uploads\/2025\/10\/LOGO-OFFICIEL-VILLES-ET-VILLAGES-FLEURIS-JPEG.jpg","contentUrl":"https:\/\/www.embellissonslatouraine.fr\/wp-content\/uploads\/2025\/10\/LOGO-OFFICIEL-VILLES-ET-VILLAGES-FLEURIS-JPEG.jpg","width":1578,"height":481,"caption":"Embellissons la Touraine"},"image":{"@id":"https:\/\/www.embellissonslatouraine.fr\/#\/schema\/logo\/image\/"}}]}},"_links":{"self":[{"href":"https:\/\/www.embellissonslatouraine.fr\/index.php\/wp-json\/wp\/v2\/pages\/471","targetHints":{"allow":["GET"]}}],"collection":[{"href":"https:\/\/www.embellissonslatouraine.fr\/index.php\/wp-json\/wp\/v2\/pages"}],"about":[{"href":"https:\/\/www.embellissonslatouraine.fr\/index.php\/wp-json\/wp\/v2\/types\/page"}],"author":[{"embeddable":true,"href":"https:\/\/www.embellissonslatouraine.fr\/index.php\/wp-json\/wp\/v2\/users\/2"}],"replies":[{"embeddable":true,"href":"https:\/\/www.embellissonslatouraine.fr\/index.php\/wp-json\/wp\/v2\/comments?post=471"}],"version-history":[{"count":31,"href":"https:\/\/www.embellissonslatouraine.fr\/index.php\/wp-json\/wp\/v2\/pages\/471\/revisions"}],"predecessor-version":[{"id":1225,"href":"https:\/\/www.embellissonslatouraine.fr\/index.php\/wp-json\/wp\/v2\/pages\/471\/revisions\/1225"}],"wp:attachment":[{"href":"https:\/\/www.embellissonslatouraine.fr\/index.php\/wp-json\/wp\/v2\/media?parent=471"}],"curies":[{"name":"wp","href":"https:\/\/api.w.org\/{rel}","templated":true}]}}