{"id":340,"date":"2025-10-21T15:02:34","date_gmt":"2025-10-21T14:02:34","guid":{"rendered":"https:\/\/www.beta.embellissonslatouraine.fr\/?page_id=340"},"modified":"2025-12-19T11:32:04","modified_gmt":"2025-12-19T10:32:04","slug":"offices-de-tourisme","status":"publish","type":"page","link":"https:\/\/www.embellissonslatouraine.fr\/index.php\/offices-de-tourisme\/","title":{"rendered":"Offices de Tourisme"},"content":{"rendered":"\t\t<div data-elementor-type=\"wp-page\" data-elementor-id=\"340\" class=\"elementor elementor-340\">\n\t\t\t\t<div class=\"elementor-element elementor-element-35b456d e-flex e-con-boxed e-con e-parent\" data-id=\"35b456d\" data-element_type=\"container\" data-e-type=\"container\">\n\t\t\t\t\t<div class=\"e-con-inner\">\n\t\t\t\t<div class=\"elementor-element elementor-element-c587a17 elementor-widget elementor-widget-heading\" data-id=\"c587a17\" data-element_type=\"widget\" data-e-type=\"widget\" data-widget_type=\"heading.default\">\n\t\t\t\t\t<h2 class=\"elementor-heading-title elementor-size-default\">CONCOURS DES OFFICES DE TOURISME FLEURIS<\/h2>\t\t\t\t<\/div>\n\t\t\t\t\t<\/div>\n\t\t\t\t<\/div>\n\t\t<div class=\"elementor-element elementor-element-dcfbfd1 e-flex e-con-boxed e-con e-parent\" data-id=\"dcfbfd1\" data-element_type=\"container\" data-e-type=\"container\">\n\t\t\t\t\t<div class=\"e-con-inner\">\n\t\t\t\t<div class=\"elementor-element elementor-element-a79d014 elementor-widget elementor-widget-heading\" data-id=\"a79d014\" data-element_type=\"widget\" data-e-type=\"widget\" data-widget_type=\"heading.default\">\n\t\t\t\t\t<h2 class=\"elementor-heading-title elementor-size-default\">Concours 2025<\/h2>\t\t\t\t<\/div>\n\t\t\t\t\t<\/div>\n\t\t\t\t<\/div>\n\t\t<div class=\"elementor-element elementor-element-56f0629 e-grid e-con-boxed e-con e-parent\" data-id=\"56f0629\" data-element_type=\"container\" data-e-type=\"container\">\n\t\t\t\t\t<div class=\"e-con-inner\">\n\t\t\t\t<div class=\"elementor-element elementor-element-8717078 elementor-widget elementor-widget-text-editor\" data-id=\"8717078\" data-element_type=\"widget\" data-e-type=\"widget\" data-widget_type=\"text-editor.default\">\n\t\t\t\t\t\t\t\t\t<p>Le Jury appr\u00e9ciera particuli\u00e8rement les efforts r\u00e9alis\u00e9s dans le fleurissement des abords du site, de l\u2019aire d\u2019entr\u00e9e (et de stationnement) et \u00e9ventuellement du bureau (ou de l\u2019espace int\u00e9rieur) d\u2019accueil.<\/p>\t\t\t\t\t\t\t\t<\/div>\n\t\t<div class=\"elementor-element elementor-element-fd38a32 e-grid e-con-full e-con e-child\" data-id=\"fd38a32\" data-element_type=\"container\" data-e-type=\"container\">\n\t\t\t\t<div class=\"elementor-element elementor-element-55bc0f1 elementor-widget elementor-widget-text-editor\" data-id=\"55bc0f1\" data-element_type=\"widget\" data-e-type=\"widget\" data-widget_type=\"text-editor.default\">\n\t\t\t\t\t\t\t\t\t<p><strong>Inscription au Concours des<\/strong><br \/><strong>Office de Tourisme<\/strong><\/p>\t\t\t\t\t\t\t\t<\/div>\n\t\t\t\t<div class=\"elementor-element elementor-element-71498ff elementor-align-center elementor-widget elementor-widget-button\" data-id=\"71498ff\" data-element_type=\"widget\" data-e-type=\"widget\" data-widget_type=\"button.default\">\n\t\t\t\t\t\t\t\t\t\t<a class=\"elementor-button elementor-button-link elementor-size-sm\" href=\"http:\/\/www.beta.embellissonslatouraine.fr\/wp-content\/uploads\/2025\/12\/ReglementDAL_OT_2023.pdf\" target=\"_blank\">\n\t\t\t\t\t\t<span class=\"elementor-button-content-wrapper\">\n\t\t\t\t\t\t\t\t\t<span class=\"elementor-button-text\">R\u00e9glement d\u00e9partemental des OT FLeuris<\/span>\n\t\t\t\t\t<\/span>\n\t\t\t\t\t<\/a>\n\t\t\t\t\t\t\t\t<\/div>\n\t\t\t\t<div class=\"elementor-element elementor-element-f499127 elementor-widget elementor-widget-text-editor\" data-id=\"f499127\" data-element_type=\"widget\" data-e-type=\"widget\" data-widget_type=\"text-editor.default\">\n\t\t\t\t\t\t\t\t\t<p><strong>inscription avant le 15 juin 2025<\/strong><\/p>\t\t\t\t\t\t\t\t<\/div>\n\t\t\t\t<\/div>\n\t\t\t\t\t<\/div>\n\t\t\t\t<\/div>\n\t\t<div class=\"elementor-element elementor-element-b013114 e-flex e-con-boxed e-con e-parent\" data-id=\"b013114\" data-element_type=\"container\" data-e-type=\"container\">\n\t\t\t\t\t<div class=\"e-con-inner\">\n\t\t\t\t<div class=\"elementor-element elementor-element-08cdb38 elementor-widget elementor-widget-heading\" data-id=\"08cdb38\" data-element_type=\"widget\" data-e-type=\"widget\" data-widget_type=\"heading.default\">\n\t\t\t\t\t<h2 class=\"elementor-heading-title elementor-size-default\">Pas d'inscriptions en 2025<\/h2>\t\t\t\t<\/div>\n\t\t\t\t\t<\/div>\n\t\t\t\t<\/div>\n\t\t\t\t<\/div>\n\t\t","protected":false},"excerpt":{"rendered":"<p>CONCOURS DES OFFICES DE TOURISME FLEURIS Concours 2025 Le Jury appr\u00e9ciera particuli\u00e8rement les efforts r\u00e9alis\u00e9s dans le fleurissement des abords du site, de l\u2019aire d\u2019entr\u00e9e (et de stationnement) et \u00e9ventuellement du bureau (ou de l\u2019espace int\u00e9rieur) d\u2019accueil. Inscription au Concours desOffice de Tourisme R\u00e9glement d\u00e9partemental des OT FLeuris inscription avant le 15 juin 2025 Pas [&hellip;]<\/p>\n","protected":false},"author":2,"featured_media":0,"parent":0,"menu_order":0,"comment_status":"closed","ping_status":"closed","template":"elementor_header_footer","meta":{"_eb_attr":"","ocean_post_layout":"","ocean_both_sidebars_style":"","ocean_both_sidebars_content_width":0,"ocean_both_sidebars_sidebars_width":0,"ocean_sidebar":"","ocean_second_sidebar":"","ocean_disable_margins":"enable","ocean_add_body_class":"","ocean_shortcode_before_top_bar":"","ocean_shortcode_after_top_bar":"","ocean_shortcode_before_header":"","ocean_shortcode_after_header":"","ocean_has_shortcode":"","ocean_shortcode_after_title":"","ocean_shortcode_before_footer_widgets":"","ocean_shortcode_after_footer_widgets":"","ocean_shortcode_before_footer_bottom":"","ocean_shortcode_after_footer_bottom":"","ocean_display_top_bar":"default","ocean_display_header":"default","ocean_header_style":"","ocean_center_header_left_menu":"","ocean_custom_header_template":"","ocean_custom_logo":0,"ocean_custom_retina_logo":0,"ocean_custom_logo_max_width":0,"ocean_custom_logo_tablet_max_width":0,"ocean_custom_logo_mobile_max_width":0,"ocean_custom_logo_max_height":0,"ocean_custom_logo_tablet_max_height":0,"ocean_custom_logo_mobile_max_height":0,"ocean_header_custom_menu":"","ocean_menu_typo_font_family":"","ocean_menu_typo_font_subset":"","ocean_menu_typo_font_size":0,"ocean_menu_typo_font_size_tablet":0,"ocean_menu_typo_font_size_mobile":0,"ocean_menu_typo_font_size_unit":"px","ocean_menu_typo_font_weight":"","ocean_menu_typo_font_weight_tablet":"","ocean_menu_typo_font_weight_mobile":"","ocean_menu_typo_transform":"","ocean_menu_typo_transform_tablet":"","ocean_menu_typo_transform_mobile":"","ocean_menu_typo_line_height":0,"ocean_menu_typo_line_height_tablet":0,"ocean_menu_typo_line_height_mobile":0,"ocean_menu_typo_line_height_unit":"","ocean_menu_typo_spacing":0,"ocean_menu_typo_spacing_tablet":0,"ocean_menu_typo_spacing_mobile":0,"ocean_menu_typo_spacing_unit":"","ocean_menu_link_color":"","ocean_menu_link_color_hover":"","ocean_menu_link_color_active":"","ocean_menu_link_background":"","ocean_menu_link_hover_background":"","ocean_menu_link_active_background":"","ocean_menu_social_links_bg":"","ocean_menu_social_hover_links_bg":"","ocean_menu_social_links_color":"","ocean_menu_social_hover_links_color":"","ocean_disable_title":"default","ocean_disable_heading":"default","ocean_post_title":"","ocean_post_subheading":"","ocean_post_title_style":"","ocean_post_title_background_color":"","ocean_post_title_background":0,"ocean_post_title_bg_image_position":"","ocean_post_title_bg_image_attachment":"","ocean_post_title_bg_image_repeat":"","ocean_post_title_bg_image_size":"","ocean_post_title_height":0,"ocean_post_title_bg_overlay":0.5,"ocean_post_title_bg_overlay_color":"","ocean_disable_breadcrumbs":"default","ocean_breadcrumbs_color":"","ocean_breadcrumbs_separator_color":"","ocean_breadcrumbs_links_color":"","ocean_breadcrumbs_links_hover_color":"","ocean_display_footer_widgets":"default","ocean_display_footer_bottom":"default","ocean_custom_footer_template":"","footnotes":""},"class_list":["post-340","page","type-page","status-publish","hentry","entry"],"yoast_head":"<!-- This site is optimized with the Yoast SEO plugin v27.4 - https:\/\/yoast.com\/product\/yoast-seo-wordpress\/ -->\n<title>Offices de Tourisme - Embellissons la Touraine<\/title>\n<meta name=\"robots\" content=\"index, follow, max-snippet:-1, max-image-preview:large, max-video-preview:-1\" \/>\n<link rel=\"canonical\" href=\"https:\/\/www.embellissonslatouraine.fr\/index.php\/offices-de-tourisme\/\" \/>\n<meta property=\"og:locale\" content=\"fr_FR\" \/>\n<meta property=\"og:type\" content=\"article\" \/>\n<meta property=\"og:title\" content=\"Offices de Tourisme - Embellissons la Touraine\" \/>\n<meta property=\"og:description\" content=\"CONCOURS DES OFFICES DE TOURISME FLEURIS Concours 2025 Le Jury appr\u00e9ciera particuli\u00e8rement les efforts r\u00e9alis\u00e9s dans le fleurissement des abords du site, de l\u2019aire d\u2019entr\u00e9e (et de stationnement) et \u00e9ventuellement du bureau (ou de l\u2019espace int\u00e9rieur) d\u2019accueil. Inscription au Concours desOffice de Tourisme R\u00e9glement d\u00e9partemental des OT FLeuris inscription avant le 15 juin 2025 Pas [&hellip;]\" \/>\n<meta property=\"og:url\" content=\"https:\/\/www.embellissonslatouraine.fr\/index.php\/offices-de-tourisme\/\" \/>\n<meta property=\"og:site_name\" content=\"Embellissons la Touraine\" \/>\n<meta property=\"article:modified_time\" content=\"2025-12-19T10:32:04+00:00\" \/>\n<meta name=\"twitter:card\" content=\"summary_large_image\" \/>\n<meta name=\"twitter:label1\" content=\"Dur\u00e9e de lecture estim\u00e9e\" \/>\n\t<meta name=\"twitter:data1\" content=\"1 minute\" \/>\n<script type=\"application\/ld+json\" class=\"yoast-schema-graph\">{\"@context\":\"https:\\\/\\\/schema.org\",\"@graph\":[{\"@type\":\"WebPage\",\"@id\":\"https:\\\/\\\/www.embellissonslatouraine.fr\\\/index.php\\\/offices-de-tourisme\\\/\",\"url\":\"https:\\\/\\\/www.embellissonslatouraine.fr\\\/index.php\\\/offices-de-tourisme\\\/\",\"name\":\"Offices de Tourisme - Embellissons la Touraine\",\"isPartOf\":{\"@id\":\"https:\\\/\\\/www.embellissonslatouraine.fr\\\/#website\"},\"datePublished\":\"2025-10-21T14:02:34+00:00\",\"dateModified\":\"2025-12-19T10:32:04+00:00\",\"breadcrumb\":{\"@id\":\"https:\\\/\\\/www.embellissonslatouraine.fr\\\/index.php\\\/offices-de-tourisme\\\/#breadcrumb\"},\"inLanguage\":\"fr-FR\",\"potentialAction\":[{\"@type\":\"ReadAction\",\"target\":[\"https:\\\/\\\/www.embellissonslatouraine.fr\\\/index.php\\\/offices-de-tourisme\\\/\"]}]},{\"@type\":\"BreadcrumbList\",\"@id\":\"https:\\\/\\\/www.embellissonslatouraine.fr\\\/index.php\\\/offices-de-tourisme\\\/#breadcrumb\",\"itemListElement\":[{\"@type\":\"ListItem\",\"position\":1,\"name\":\"Accueil\",\"item\":\"https:\\\/\\\/www.embellissonslatouraine.fr\\\/\"},{\"@type\":\"ListItem\",\"position\":2,\"name\":\"Offices de Tourisme\"}]},{\"@type\":\"WebSite\",\"@id\":\"https:\\\/\\\/www.embellissonslatouraine.fr\\\/#website\",\"url\":\"https:\\\/\\\/www.embellissonslatouraine.fr\\\/\",\"name\":\"Embellissons la Touraine\",\"description\":\"Embellissons la Touraine\",\"publisher\":{\"@id\":\"https:\\\/\\\/www.embellissonslatouraine.fr\\\/#organization\"},\"potentialAction\":[{\"@type\":\"SearchAction\",\"target\":{\"@type\":\"EntryPoint\",\"urlTemplate\":\"https:\\\/\\\/www.embellissonslatouraine.fr\\\/?s={search_term_string}\"},\"query-input\":{\"@type\":\"PropertyValueSpecification\",\"valueRequired\":true,\"valueName\":\"search_term_string\"}}],\"inLanguage\":\"fr-FR\"},{\"@type\":\"Organization\",\"@id\":\"https:\\\/\\\/www.embellissonslatouraine.fr\\\/#organization\",\"name\":\"Embellissons la Touraine\",\"url\":\"https:\\\/\\\/www.embellissonslatouraine.fr\\\/\",\"logo\":{\"@type\":\"ImageObject\",\"inLanguage\":\"fr-FR\",\"@id\":\"https:\\\/\\\/www.embellissonslatouraine.fr\\\/#\\\/schema\\\/logo\\\/image\\\/\",\"url\":\"https:\\\/\\\/www.embellissonslatouraine.fr\\\/wp-content\\\/uploads\\\/2025\\\/10\\\/LOGO-OFFICIEL-VILLES-ET-VILLAGES-FLEURIS-JPEG.jpg\",\"contentUrl\":\"https:\\\/\\\/www.embellissonslatouraine.fr\\\/wp-content\\\/uploads\\\/2025\\\/10\\\/LOGO-OFFICIEL-VILLES-ET-VILLAGES-FLEURIS-JPEG.jpg\",\"width\":1578,\"height\":481,\"caption\":\"Embellissons la Touraine\"},\"image\":{\"@id\":\"https:\\\/\\\/www.embellissonslatouraine.fr\\\/#\\\/schema\\\/logo\\\/image\\\/\"}}]}<\/script>\n<!-- \/ Yoast SEO plugin. -->","yoast_head_json":{"title":"Offices de Tourisme - Embellissons la Touraine","robots":{"index":"index","follow":"follow","max-snippet":"max-snippet:-1","max-image-preview":"max-image-preview:large","max-video-preview":"max-video-preview:-1"},"canonical":"https:\/\/www.embellissonslatouraine.fr\/index.php\/offices-de-tourisme\/","og_locale":"fr_FR","og_type":"article","og_title":"Offices de Tourisme - Embellissons la Touraine","og_description":"CONCOURS DES OFFICES DE TOURISME FLEURIS Concours 2025 Le Jury appr\u00e9ciera particuli\u00e8rement les efforts r\u00e9alis\u00e9s dans le fleurissement des abords du site, de l\u2019aire d\u2019entr\u00e9e (et de stationnement) et \u00e9ventuellement du bureau (ou de l\u2019espace int\u00e9rieur) d\u2019accueil. Inscription au Concours desOffice de Tourisme R\u00e9glement d\u00e9partemental des OT FLeuris inscription avant le 15 juin 2025 Pas [&hellip;]","og_url":"https:\/\/www.embellissonslatouraine.fr\/index.php\/offices-de-tourisme\/","og_site_name":"Embellissons la Touraine","article_modified_time":"2025-12-19T10:32:04+00:00","twitter_card":"summary_large_image","twitter_misc":{"Dur\u00e9e de lecture estim\u00e9e":"1 minute"},"schema":{"@context":"https:\/\/schema.org","@graph":[{"@type":"WebPage","@id":"https:\/\/www.embellissonslatouraine.fr\/index.php\/offices-de-tourisme\/","url":"https:\/\/www.embellissonslatouraine.fr\/index.php\/offices-de-tourisme\/","name":"Offices de Tourisme - Embellissons la Touraine","isPartOf":{"@id":"https:\/\/www.embellissonslatouraine.fr\/#website"},"datePublished":"2025-10-21T14:02:34+00:00","dateModified":"2025-12-19T10:32:04+00:00","breadcrumb":{"@id":"https:\/\/www.embellissonslatouraine.fr\/index.php\/offices-de-tourisme\/#breadcrumb"},"inLanguage":"fr-FR","potentialAction":[{"@type":"ReadAction","target":["https:\/\/www.embellissonslatouraine.fr\/index.php\/offices-de-tourisme\/"]}]},{"@type":"BreadcrumbList","@id":"https:\/\/www.embellissonslatouraine.fr\/index.php\/offices-de-tourisme\/#breadcrumb","itemListElement":[{"@type":"ListItem","position":1,"name":"Accueil","item":"https:\/\/www.embellissonslatouraine.fr\/"},{"@type":"ListItem","position":2,"name":"Offices de Tourisme"}]},{"@type":"WebSite","@id":"https:\/\/www.embellissonslatouraine.fr\/#website","url":"https:\/\/www.embellissonslatouraine.fr\/","name":"Embellissons la Touraine","description":"Embellissons la Touraine","publisher":{"@id":"https:\/\/www.embellissonslatouraine.fr\/#organization"},"potentialAction":[{"@type":"SearchAction","target":{"@type":"EntryPoint","urlTemplate":"https:\/\/www.embellissonslatouraine.fr\/?s={search_term_string}"},"query-input":{"@type":"PropertyValueSpecification","valueRequired":true,"valueName":"search_term_string"}}],"inLanguage":"fr-FR"},{"@type":"Organization","@id":"https:\/\/www.embellissonslatouraine.fr\/#organization","name":"Embellissons la Touraine","url":"https:\/\/www.embellissonslatouraine.fr\/","logo":{"@type":"ImageObject","inLanguage":"fr-FR","@id":"https:\/\/www.embellissonslatouraine.fr\/#\/schema\/logo\/image\/","url":"https:\/\/www.embellissonslatouraine.fr\/wp-content\/uploads\/2025\/10\/LOGO-OFFICIEL-VILLES-ET-VILLAGES-FLEURIS-JPEG.jpg","contentUrl":"https:\/\/www.embellissonslatouraine.fr\/wp-content\/uploads\/2025\/10\/LOGO-OFFICIEL-VILLES-ET-VILLAGES-FLEURIS-JPEG.jpg","width":1578,"height":481,"caption":"Embellissons la Touraine"},"image":{"@id":"https:\/\/www.embellissonslatouraine.fr\/#\/schema\/logo\/image\/"}}]}},"_links":{"self":[{"href":"https:\/\/www.embellissonslatouraine.fr\/index.php\/wp-json\/wp\/v2\/pages\/340","targetHints":{"allow":["GET"]}}],"collection":[{"href":"https:\/\/www.embellissonslatouraine.fr\/index.php\/wp-json\/wp\/v2\/pages"}],"about":[{"href":"https:\/\/www.embellissonslatouraine.fr\/index.php\/wp-json\/wp\/v2\/types\/page"}],"author":[{"embeddable":true,"href":"https:\/\/www.embellissonslatouraine.fr\/index.php\/wp-json\/wp\/v2\/users\/2"}],"replies":[{"embeddable":true,"href":"https:\/\/www.embellissonslatouraine.fr\/index.php\/wp-json\/wp\/v2\/comments?post=340"}],"version-history":[{"count":8,"href":"https:\/\/www.embellissonslatouraine.fr\/index.php\/wp-json\/wp\/v2\/pages\/340\/revisions"}],"predecessor-version":[{"id":710,"href":"https:\/\/www.embellissonslatouraine.fr\/index.php\/wp-json\/wp\/v2\/pages\/340\/revisions\/710"}],"wp:attachment":[{"href":"https:\/\/www.embellissonslatouraine.fr\/index.php\/wp-json\/wp\/v2\/media?parent=340"}],"curies":[{"name":"wp","href":"https:\/\/api.w.org\/{rel}","templated":true}]}}