{"id":338,"date":"2025-10-21T15:01:50","date_gmt":"2025-10-21T14:01:50","guid":{"rendered":"https:\/\/www.beta.embellissonslatouraine.fr\/?page_id=338"},"modified":"2026-04-01T15:10:45","modified_gmt":"2026-04-01T14:10:45","slug":"maisons-fleuries","status":"publish","type":"page","link":"https:\/\/www.embellissonslatouraine.fr\/index.php\/maisons-fleuries\/","title":{"rendered":"Maisons Fleuries"},"content":{"rendered":"\t\t<div data-elementor-type=\"wp-page\" data-elementor-id=\"338\" class=\"elementor elementor-338\">\n\t\t\t\t<div class=\"elementor-element elementor-element-414c171 e-flex e-con-boxed e-con e-parent\" data-id=\"414c171\" data-element_type=\"container\" data-e-type=\"container\">\n\t\t\t\t\t<div class=\"e-con-inner\">\n\t\t\t\t<div class=\"elementor-element elementor-element-dd10999 elementor-widget elementor-widget-heading\" data-id=\"dd10999\" data-element_type=\"widget\" data-e-type=\"widget\" data-widget_type=\"heading.default\">\n\t\t\t\t\t<h2 class=\"elementor-heading-title elementor-size-default\">Concours des\nMAISONS FLEURIES\norganis\u00e9s par les communes\n<\/h2>\t\t\t\t<\/div>\n\t\t\t\t\t<\/div>\n\t\t\t\t<\/div>\n\t\t<div class=\"elementor-element elementor-element-be14c8f e-con-full e-flex e-con e-parent\" data-id=\"be14c8f\" data-element_type=\"container\" data-e-type=\"container\">\n\t\t\t\t<div class=\"elementor-element elementor-element-daf5b85 elementor-widget elementor-widget-heading\" data-id=\"daf5b85\" data-element_type=\"widget\" data-e-type=\"widget\" data-widget_type=\"heading.default\">\n\t\t\t\t\t<h2 class=\"elementor-heading-title elementor-size-default\">Changements depuis 2024\n<\/h2>\t\t\t\t<\/div>\n\t\t\t\t<\/div>\n\t\t<div class=\"elementor-element elementor-element-6031cbf e-con-full e-flex e-con e-parent\" data-id=\"6031cbf\" data-element_type=\"container\" data-e-type=\"container\">\n\t\t\t\t<div class=\"elementor-element elementor-element-984363b elementor-widget elementor-widget-heading\" data-id=\"984363b\" data-element_type=\"widget\" data-e-type=\"widget\" data-widget_type=\"heading.default\">\n\t\t\t\t\t<h2 class=\"elementor-heading-title elementor-size-default\">Le Conseil d\u00e9partemental souhaite r\u00e9compenser les citoyens tourangeaux qui embellissent\nleur jardin, cours, balcons etc\u2026 et contribuent ainsi \u00e0 la pr\u00e9servation de la biodiversit\u00e9.\n<\/h2>\t\t\t\t<\/div>\n\t\t\t\t<\/div>\n\t\t<div class=\"elementor-element elementor-element-95aeb21 e-grid e-con-full e-con e-parent\" data-id=\"95aeb21\" data-element_type=\"container\" data-e-type=\"container\">\n\t\t\t\t<div class=\"elementor-element elementor-element-33dc46c elementor-widget elementor-widget-text-editor\" data-id=\"33dc46c\" data-element_type=\"widget\" data-e-type=\"widget\" data-widget_type=\"text-editor.default\">\n\t\t\t\t\t\t\t\t\t<p>Chaque commune organisant un concours de maisons et jardins fleuris peut transmettre \u00e0 la SHOT les noms et adresses compl\u00e8tes de deux laur\u00e9ats parmi les personnes prim\u00e9es lors du concours communal, de m\u00eame qu\u2019une photo de chacune des deux r\u00e9alisations. <br \/>Ces particuliers sont invit\u00e9s \u00e0 la table ronde et \u00e0 la c\u00e9r\u00e9monie de remise des prix. <br \/>A l\u2019issue de la r\u00e9union, un tirage au sort est effectu\u00e9 parmi les personnes pr\u00e9sentes, r\u00e9compensant ainsi 10 particuliers pour leur engagement. <br \/>Pour les autres particuliers pr\u00e9sents, un lot de consolation sera offert.<\/p>\t\t\t\t\t\t\t\t<\/div>\n\t\t<div class=\"elementor-element elementor-element-28fe18f e-grid e-con-full e-con e-child\" data-id=\"28fe18f\" data-element_type=\"container\" data-e-type=\"container\">\n\t\t\t\t<div class=\"elementor-element elementor-element-c915852 elementor-widget elementor-widget-text-editor\" data-id=\"c915852\" data-element_type=\"widget\" data-e-type=\"widget\" data-widget_type=\"text-editor.default\">\n\t\t\t\t\t\t\t\t\t<p><strong>Inscription des laur\u00e9ats des<\/strong><br \/><strong>Maisons Fleuries :<\/strong><\/p>\t\t\t\t\t\t\t\t<\/div>\n\t\t\t\t<div class=\"elementor-element elementor-element-6000af1 elementor-align-center elementor-widget elementor-widget-button\" data-id=\"6000af1\" data-element_type=\"widget\" data-e-type=\"widget\" data-widget_type=\"button.default\">\n\t\t\t\t\t\t\t\t\t\t<a class=\"elementor-button elementor-button-link elementor-size-sm\" href=\"http:\/\/www.embellissonslatouraine.fr\/wp-content\/uploads\/2026\/04\/SHOT_Fiche_inscription_laureats_maisons_fleuries_2026_FI.pdf\" target=\"_blank\">\n\t\t\t\t\t\t<span class=\"elementor-button-content-wrapper\">\n\t\t\t\t\t\t\t\t\t<span class=\"elementor-button-text\">T\u00e9l\u00e9chargez le fichier<\/span>\n\t\t\t\t\t<\/span>\n\t\t\t\t\t<\/a>\n\t\t\t\t\t\t\t\t<\/div>\n\t\t\t\t<div class=\"elementor-element elementor-element-74805ec elementor-widget elementor-widget-text-editor\" data-id=\"74805ec\" data-element_type=\"widget\" data-e-type=\"widget\" data-widget_type=\"text-editor.default\">\n\t\t\t\t\t\t\t\t\t<p>inscription avant le 30 juin 2026<\/p>\t\t\t\t\t\t\t\t<\/div>\n\t\t\t\t<\/div>\n\t\t\t\t<\/div>\n\t\t\t\t<\/div>\n\t\t","protected":false},"excerpt":{"rendered":"<p>Concours des MAISONS FLEURIES organis\u00e9s par les communes Changements depuis 2024 Le Conseil d\u00e9partemental souhaite r\u00e9compenser les citoyens tourangeaux qui embellissent leur jardin, cours, balcons etc\u2026 et contribuent ainsi \u00e0 la pr\u00e9servation de la biodiversit\u00e9. Chaque commune organisant un concours de maisons et jardins fleuris peut transmettre \u00e0 la SHOT les noms et adresses compl\u00e8tes [&hellip;]<\/p>\n","protected":false},"author":2,"featured_media":0,"parent":0,"menu_order":0,"comment_status":"closed","ping_status":"closed","template":"elementor_header_footer","meta":{"_eb_attr":"","ocean_post_layout":"","ocean_both_sidebars_style":"","ocean_both_sidebars_content_width":0,"ocean_both_sidebars_sidebars_width":0,"ocean_sidebar":"","ocean_second_sidebar":"","ocean_disable_margins":"enable","ocean_add_body_class":"","ocean_shortcode_before_top_bar":"","ocean_shortcode_after_top_bar":"","ocean_shortcode_before_header":"","ocean_shortcode_after_header":"","ocean_has_shortcode":"","ocean_shortcode_after_title":"","ocean_shortcode_before_footer_widgets":"","ocean_shortcode_after_footer_widgets":"","ocean_shortcode_before_footer_bottom":"","ocean_shortcode_after_footer_bottom":"","ocean_display_top_bar":"default","ocean_display_header":"default","ocean_header_style":"","ocean_center_header_left_menu":"","ocean_custom_header_template":"","ocean_custom_logo":0,"ocean_custom_retina_logo":0,"ocean_custom_logo_max_width":0,"ocean_custom_logo_tablet_max_width":0,"ocean_custom_logo_mobile_max_width":0,"ocean_custom_logo_max_height":0,"ocean_custom_logo_tablet_max_height":0,"ocean_custom_logo_mobile_max_height":0,"ocean_header_custom_menu":"","ocean_menu_typo_font_family":"","ocean_menu_typo_font_subset":"","ocean_menu_typo_font_size":0,"ocean_menu_typo_font_size_tablet":0,"ocean_menu_typo_font_size_mobile":0,"ocean_menu_typo_font_size_unit":"px","ocean_menu_typo_font_weight":"","ocean_menu_typo_font_weight_tablet":"","ocean_menu_typo_font_weight_mobile":"","ocean_menu_typo_transform":"","ocean_menu_typo_transform_tablet":"","ocean_menu_typo_transform_mobile":"","ocean_menu_typo_line_height":0,"ocean_menu_typo_line_height_tablet":0,"ocean_menu_typo_line_height_mobile":0,"ocean_menu_typo_line_height_unit":"","ocean_menu_typo_spacing":0,"ocean_menu_typo_spacing_tablet":0,"ocean_menu_typo_spacing_mobile":0,"ocean_menu_typo_spacing_unit":"","ocean_menu_link_color":"","ocean_menu_link_color_hover":"","ocean_menu_link_color_active":"","ocean_menu_link_background":"","ocean_menu_link_hover_background":"","ocean_menu_link_active_background":"","ocean_menu_social_links_bg":"","ocean_menu_social_hover_links_bg":"","ocean_menu_social_links_color":"","ocean_menu_social_hover_links_color":"","ocean_disable_title":"default","ocean_disable_heading":"default","ocean_post_title":"","ocean_post_subheading":"","ocean_post_title_style":"","ocean_post_title_background_color":"","ocean_post_title_background":0,"ocean_post_title_bg_image_position":"","ocean_post_title_bg_image_attachment":"","ocean_post_title_bg_image_repeat":"","ocean_post_title_bg_image_size":"","ocean_post_title_height":0,"ocean_post_title_bg_overlay":0.5,"ocean_post_title_bg_overlay_color":"","ocean_disable_breadcrumbs":"default","ocean_breadcrumbs_color":"","ocean_breadcrumbs_separator_color":"","ocean_breadcrumbs_links_color":"","ocean_breadcrumbs_links_hover_color":"","ocean_display_footer_widgets":"default","ocean_display_footer_bottom":"default","ocean_custom_footer_template":"","footnotes":""},"class_list":["post-338","page","type-page","status-publish","hentry","entry"],"yoast_head":"<!-- This site is optimized with the Yoast SEO plugin v27.4 - https:\/\/yoast.com\/product\/yoast-seo-wordpress\/ -->\n<title>Maisons Fleuries - Embellissons la Touraine<\/title>\n<meta name=\"robots\" content=\"index, follow, max-snippet:-1, max-image-preview:large, max-video-preview:-1\" \/>\n<link rel=\"canonical\" href=\"https:\/\/www.embellissonslatouraine.fr\/index.php\/maisons-fleuries\/\" \/>\n<meta property=\"og:locale\" content=\"fr_FR\" \/>\n<meta property=\"og:type\" content=\"article\" \/>\n<meta property=\"og:title\" content=\"Maisons Fleuries - Embellissons la Touraine\" \/>\n<meta property=\"og:description\" content=\"Concours des MAISONS FLEURIES organis\u00e9s par les communes Changements depuis 2024 Le Conseil d\u00e9partemental souhaite r\u00e9compenser les citoyens tourangeaux qui embellissent leur jardin, cours, balcons etc\u2026 et contribuent ainsi \u00e0 la pr\u00e9servation de la biodiversit\u00e9. Chaque commune organisant un concours de maisons et jardins fleuris peut transmettre \u00e0 la SHOT les noms et adresses compl\u00e8tes [&hellip;]\" \/>\n<meta property=\"og:url\" content=\"https:\/\/www.embellissonslatouraine.fr\/index.php\/maisons-fleuries\/\" \/>\n<meta property=\"og:site_name\" content=\"Embellissons la Touraine\" \/>\n<meta property=\"article:modified_time\" content=\"2026-04-01T14:10:45+00:00\" \/>\n<meta name=\"twitter:card\" content=\"summary_large_image\" \/>\n<meta name=\"twitter:label1\" content=\"Dur\u00e9e de lecture estim\u00e9e\" \/>\n\t<meta name=\"twitter:data1\" content=\"1 minute\" \/>\n<script type=\"application\/ld+json\" class=\"yoast-schema-graph\">{\"@context\":\"https:\\\/\\\/schema.org\",\"@graph\":[{\"@type\":\"WebPage\",\"@id\":\"https:\\\/\\\/www.embellissonslatouraine.fr\\\/index.php\\\/maisons-fleuries\\\/\",\"url\":\"https:\\\/\\\/www.embellissonslatouraine.fr\\\/index.php\\\/maisons-fleuries\\\/\",\"name\":\"Maisons Fleuries - Embellissons la Touraine\",\"isPartOf\":{\"@id\":\"https:\\\/\\\/www.embellissonslatouraine.fr\\\/#website\"},\"datePublished\":\"2025-10-21T14:01:50+00:00\",\"dateModified\":\"2026-04-01T14:10:45+00:00\",\"breadcrumb\":{\"@id\":\"https:\\\/\\\/www.embellissonslatouraine.fr\\\/index.php\\\/maisons-fleuries\\\/#breadcrumb\"},\"inLanguage\":\"fr-FR\",\"potentialAction\":[{\"@type\":\"ReadAction\",\"target\":[\"https:\\\/\\\/www.embellissonslatouraine.fr\\\/index.php\\\/maisons-fleuries\\\/\"]}]},{\"@type\":\"BreadcrumbList\",\"@id\":\"https:\\\/\\\/www.embellissonslatouraine.fr\\\/index.php\\\/maisons-fleuries\\\/#breadcrumb\",\"itemListElement\":[{\"@type\":\"ListItem\",\"position\":1,\"name\":\"Accueil\",\"item\":\"https:\\\/\\\/www.embellissonslatouraine.fr\\\/\"},{\"@type\":\"ListItem\",\"position\":2,\"name\":\"Maisons Fleuries\"}]},{\"@type\":\"WebSite\",\"@id\":\"https:\\\/\\\/www.embellissonslatouraine.fr\\\/#website\",\"url\":\"https:\\\/\\\/www.embellissonslatouraine.fr\\\/\",\"name\":\"Embellissons la Touraine\",\"description\":\"Embellissons la Touraine\",\"publisher\":{\"@id\":\"https:\\\/\\\/www.embellissonslatouraine.fr\\\/#organization\"},\"potentialAction\":[{\"@type\":\"SearchAction\",\"target\":{\"@type\":\"EntryPoint\",\"urlTemplate\":\"https:\\\/\\\/www.embellissonslatouraine.fr\\\/?s={search_term_string}\"},\"query-input\":{\"@type\":\"PropertyValueSpecification\",\"valueRequired\":true,\"valueName\":\"search_term_string\"}}],\"inLanguage\":\"fr-FR\"},{\"@type\":\"Organization\",\"@id\":\"https:\\\/\\\/www.embellissonslatouraine.fr\\\/#organization\",\"name\":\"Embellissons la Touraine\",\"url\":\"https:\\\/\\\/www.embellissonslatouraine.fr\\\/\",\"logo\":{\"@type\":\"ImageObject\",\"inLanguage\":\"fr-FR\",\"@id\":\"https:\\\/\\\/www.embellissonslatouraine.fr\\\/#\\\/schema\\\/logo\\\/image\\\/\",\"url\":\"https:\\\/\\\/www.embellissonslatouraine.fr\\\/wp-content\\\/uploads\\\/2025\\\/10\\\/LOGO-OFFICIEL-VILLES-ET-VILLAGES-FLEURIS-JPEG.jpg\",\"contentUrl\":\"https:\\\/\\\/www.embellissonslatouraine.fr\\\/wp-content\\\/uploads\\\/2025\\\/10\\\/LOGO-OFFICIEL-VILLES-ET-VILLAGES-FLEURIS-JPEG.jpg\",\"width\":1578,\"height\":481,\"caption\":\"Embellissons la Touraine\"},\"image\":{\"@id\":\"https:\\\/\\\/www.embellissonslatouraine.fr\\\/#\\\/schema\\\/logo\\\/image\\\/\"}}]}<\/script>\n<!-- \/ Yoast SEO plugin. -->","yoast_head_json":{"title":"Maisons Fleuries - Embellissons la Touraine","robots":{"index":"index","follow":"follow","max-snippet":"max-snippet:-1","max-image-preview":"max-image-preview:large","max-video-preview":"max-video-preview:-1"},"canonical":"https:\/\/www.embellissonslatouraine.fr\/index.php\/maisons-fleuries\/","og_locale":"fr_FR","og_type":"article","og_title":"Maisons Fleuries - Embellissons la Touraine","og_description":"Concours des MAISONS FLEURIES organis\u00e9s par les communes Changements depuis 2024 Le Conseil d\u00e9partemental souhaite r\u00e9compenser les citoyens tourangeaux qui embellissent leur jardin, cours, balcons etc\u2026 et contribuent ainsi \u00e0 la pr\u00e9servation de la biodiversit\u00e9. Chaque commune organisant un concours de maisons et jardins fleuris peut transmettre \u00e0 la SHOT les noms et adresses compl\u00e8tes [&hellip;]","og_url":"https:\/\/www.embellissonslatouraine.fr\/index.php\/maisons-fleuries\/","og_site_name":"Embellissons la Touraine","article_modified_time":"2026-04-01T14:10:45+00:00","twitter_card":"summary_large_image","twitter_misc":{"Dur\u00e9e de lecture estim\u00e9e":"1 minute"},"schema":{"@context":"https:\/\/schema.org","@graph":[{"@type":"WebPage","@id":"https:\/\/www.embellissonslatouraine.fr\/index.php\/maisons-fleuries\/","url":"https:\/\/www.embellissonslatouraine.fr\/index.php\/maisons-fleuries\/","name":"Maisons Fleuries - Embellissons la Touraine","isPartOf":{"@id":"https:\/\/www.embellissonslatouraine.fr\/#website"},"datePublished":"2025-10-21T14:01:50+00:00","dateModified":"2026-04-01T14:10:45+00:00","breadcrumb":{"@id":"https:\/\/www.embellissonslatouraine.fr\/index.php\/maisons-fleuries\/#breadcrumb"},"inLanguage":"fr-FR","potentialAction":[{"@type":"ReadAction","target":["https:\/\/www.embellissonslatouraine.fr\/index.php\/maisons-fleuries\/"]}]},{"@type":"BreadcrumbList","@id":"https:\/\/www.embellissonslatouraine.fr\/index.php\/maisons-fleuries\/#breadcrumb","itemListElement":[{"@type":"ListItem","position":1,"name":"Accueil","item":"https:\/\/www.embellissonslatouraine.fr\/"},{"@type":"ListItem","position":2,"name":"Maisons Fleuries"}]},{"@type":"WebSite","@id":"https:\/\/www.embellissonslatouraine.fr\/#website","url":"https:\/\/www.embellissonslatouraine.fr\/","name":"Embellissons la Touraine","description":"Embellissons la Touraine","publisher":{"@id":"https:\/\/www.embellissonslatouraine.fr\/#organization"},"potentialAction":[{"@type":"SearchAction","target":{"@type":"EntryPoint","urlTemplate":"https:\/\/www.embellissonslatouraine.fr\/?s={search_term_string}"},"query-input":{"@type":"PropertyValueSpecification","valueRequired":true,"valueName":"search_term_string"}}],"inLanguage":"fr-FR"},{"@type":"Organization","@id":"https:\/\/www.embellissonslatouraine.fr\/#organization","name":"Embellissons la Touraine","url":"https:\/\/www.embellissonslatouraine.fr\/","logo":{"@type":"ImageObject","inLanguage":"fr-FR","@id":"https:\/\/www.embellissonslatouraine.fr\/#\/schema\/logo\/image\/","url":"https:\/\/www.embellissonslatouraine.fr\/wp-content\/uploads\/2025\/10\/LOGO-OFFICIEL-VILLES-ET-VILLAGES-FLEURIS-JPEG.jpg","contentUrl":"https:\/\/www.embellissonslatouraine.fr\/wp-content\/uploads\/2025\/10\/LOGO-OFFICIEL-VILLES-ET-VILLAGES-FLEURIS-JPEG.jpg","width":1578,"height":481,"caption":"Embellissons la Touraine"},"image":{"@id":"https:\/\/www.embellissonslatouraine.fr\/#\/schema\/logo\/image\/"}}]}},"_links":{"self":[{"href":"https:\/\/www.embellissonslatouraine.fr\/index.php\/wp-json\/wp\/v2\/pages\/338","targetHints":{"allow":["GET"]}}],"collection":[{"href":"https:\/\/www.embellissonslatouraine.fr\/index.php\/wp-json\/wp\/v2\/pages"}],"about":[{"href":"https:\/\/www.embellissonslatouraine.fr\/index.php\/wp-json\/wp\/v2\/types\/page"}],"author":[{"embeddable":true,"href":"https:\/\/www.embellissonslatouraine.fr\/index.php\/wp-json\/wp\/v2\/users\/2"}],"replies":[{"embeddable":true,"href":"https:\/\/www.embellissonslatouraine.fr\/index.php\/wp-json\/wp\/v2\/comments?post=338"}],"version-history":[{"count":31,"href":"https:\/\/www.embellissonslatouraine.fr\/index.php\/wp-json\/wp\/v2\/pages\/338\/revisions"}],"predecessor-version":[{"id":1746,"href":"https:\/\/www.embellissonslatouraine.fr\/index.php\/wp-json\/wp\/v2\/pages\/338\/revisions\/1746"}],"wp:attachment":[{"href":"https:\/\/www.embellissonslatouraine.fr\/index.php\/wp-json\/wp\/v2\/media?parent=338"}],"curies":[{"name":"wp","href":"https:\/\/api.w.org\/{rel}","templated":true}]}}