{"id":334,"date":"2025-10-21T14:52:09","date_gmt":"2025-10-21T13:52:09","guid":{"rendered":"https:\/\/www.beta.embellissonslatouraine.fr\/?page_id=334"},"modified":"2026-04-08T08:30:23","modified_gmt":"2026-04-08T07:30:23","slug":"villes-et-villages-fleuris","status":"publish","type":"page","link":"https:\/\/www.embellissonslatouraine.fr\/index.php\/villes-et-villages-fleuris\/","title":{"rendered":"VILLES ET VILLAGES FLEURIS"},"content":{"rendered":"\t\t<div data-elementor-type=\"wp-page\" data-elementor-id=\"334\" class=\"elementor elementor-334\">\n\t\t\t\t<div class=\"elementor-element elementor-element-f488109 e-grid e-con-full e-con e-parent\" data-id=\"f488109\" data-element_type=\"container\" data-e-type=\"container\">\n\t\t\t\t<div class=\"elementor-element elementor-element-19b632f elementor-widget elementor-widget-text-editor\" data-id=\"19b632f\" data-element_type=\"widget\" data-e-type=\"widget\" data-widget_type=\"text-editor.default\">\n\t\t\t\t\t\t\t\t\t<h2>L&rsquo;op\u00e9ration Villes et Villages Fleuris est financ\u00e9 par le Conseil d\u00e9partemental d&rsquo;Indre-et-Loire dont il a d\u00e9l\u00e9gu\u00e9 l&rsquo;organisation \u00e0 la Soci\u00e9t\u00e9 d&rsquo;Horticulture de Touraine.<\/h2>\t\t\t\t\t\t\t\t<\/div>\n\t\t\t\t<div class=\"elementor-element elementor-element-42db74d elementor-widget elementor-widget-image\" data-id=\"42db74d\" data-element_type=\"widget\" data-e-type=\"widget\" data-widget_type=\"image.default\">\n\t\t\t\t\t\t\t\t\t\t\t\t<figure class=\"wp-caption\">\n\t\t\t\t\t\t\t\t\t\t<img fetchpriority=\"high\" decoding=\"async\" width=\"1024\" height=\"694\" src=\"https:\/\/www.embellissonslatouraine.fr\/wp-content\/uploads\/2026\/01\/2024_11_19_Embelissons_La_Touraine_000030-1024x694.jpg\" class=\"attachment-large size-large wp-image-958\" alt=\"\" srcset=\"https:\/\/www.embellissonslatouraine.fr\/wp-content\/uploads\/2026\/01\/2024_11_19_Embelissons_La_Touraine_000030-1024x694.jpg 1024w, https:\/\/www.embellissonslatouraine.fr\/wp-content\/uploads\/2026\/01\/2024_11_19_Embelissons_La_Touraine_000030-300x203.jpg 300w, https:\/\/www.embellissonslatouraine.fr\/wp-content\/uploads\/2026\/01\/2024_11_19_Embelissons_La_Touraine_000030-768x520.jpg 768w, https:\/\/www.embellissonslatouraine.fr\/wp-content\/uploads\/2026\/01\/2024_11_19_Embelissons_La_Touraine_000030.jpg 1200w\" sizes=\"(max-width: 1024px) 100vw, 1024px\" \/>\t\t\t\t\t\t\t\t\t\t\t<figcaption class=\"widget-image-caption wp-caption-text\">M. Franck CHARTIER (Conseiller d\u00e9partemental) et Mme Maryse FRIOT (Pr\u00e9sidente de la SHOT)<\/figcaption>\n\t\t\t\t\t\t\t\t\t\t<\/figure>\n\t\t\t\t\t\t\t\t\t<\/div>\n\t\t\t\t<\/div>\n\t\t<div class=\"elementor-element elementor-element-1086cec e-flex e-con-boxed e-con e-parent\" data-id=\"1086cec\" data-element_type=\"container\" data-e-type=\"container\">\n\t\t\t\t\t<div class=\"e-con-inner\">\n\t\t<div class=\"elementor-element elementor-element-7397487 e-con-full e-flex e-con e-child\" data-id=\"7397487\" data-element_type=\"container\" data-e-type=\"container\">\n\t\t\t\t<div class=\"elementor-element elementor-element-84ab683 elementor-widget elementor-widget-heading\" data-id=\"84ab683\" data-element_type=\"widget\" data-e-type=\"widget\" data-widget_type=\"heading.default\">\n\t\t\t\t\t<h2 class=\"elementor-heading-title elementor-size-default\">Inscription au Label des\nVilles et Villages Fleuris \n<\/h2>\t\t\t\t<\/div>\n\t\t\t\t<\/div>\n\t\t<div class=\"elementor-element elementor-element-17381ae e-con-full e-flex e-con e-child\" data-id=\"17381ae\" data-element_type=\"container\" data-e-type=\"container\">\n\t\t\t\t<div class=\"elementor-element elementor-element-527c9a8 elementor-widget elementor-widget-heading\" data-id=\"527c9a8\" data-element_type=\"widget\" data-e-type=\"widget\" data-widget_type=\"heading.default\">\n\t\t\t\t\t<h2 class=\"elementor-heading-title elementor-size-default\">Concours et prix 2026\n<\/h2>\t\t\t\t<\/div>\n\t\t\t\t<\/div>\n\t\t<div class=\"elementor-element elementor-element-942f1be e-con-full e-grid e-con e-child\" data-id=\"942f1be\" data-element_type=\"container\" data-e-type=\"container\">\n\t\t\t\t<div class=\"elementor-element elementor-element-ef5af60 elementor-align-center elementor-widget elementor-widget-button\" data-id=\"ef5af60\" data-element_type=\"widget\" data-e-type=\"widget\" data-widget_type=\"button.default\">\n\t\t\t\t\t\t\t\t\t\t<a class=\"elementor-button elementor-button-link elementor-size-sm\" href=\"http:\/\/www.embellissonslatouraine.fr\/wp-content\/uploads\/2026\/04\/SHOT_Fiche_candidature_2026_FI.pdf\" target=\"_blank\">\n\t\t\t\t\t\t<span class=\"elementor-button-content-wrapper\">\n\t\t\t\t\t\t\t\t\t<span class=\"elementor-button-text\">Fiche de candidature  pour les communes non labelis\u00e9es <\/span>\n\t\t\t\t\t<\/span>\n\t\t\t\t\t<\/a>\n\t\t\t\t\t\t\t\t<\/div>\n\t\t\t\t<div class=\"elementor-element elementor-element-0f9a4ae elementor-widget elementor-widget-text-editor\" data-id=\"0f9a4ae\" data-element_type=\"widget\" data-e-type=\"widget\" data-widget_type=\"text-editor.default\">\n\t\t\t\t\t\t\t\t\t<p><strong>\u00e0 renvoyer avant le 30 avril 2026<\/strong><\/p>\t\t\t\t\t\t\t\t<\/div>\n\t\t\t\t<div class=\"elementor-element elementor-element-52b7828 elementor-widget elementor-widget-button\" data-id=\"52b7828\" data-element_type=\"widget\" data-e-type=\"widget\" data-widget_type=\"button.default\">\n\t\t\t\t\t\t\t\t\t\t<a class=\"elementor-button elementor-button-link elementor-size-sm\" href=\"http:\/\/www.embellissonslatouraine.fr\/wp-content\/uploads\/2026\/04\/SHOT_Fiche_renseignements_communes_labelisees_2026_FI.pdf\" target=\"_blank\">\n\t\t\t\t\t\t<span class=\"elementor-button-content-wrapper\">\n\t\t\t\t\t\t\t\t\t<span class=\"elementor-button-text\">Fiche de renseignements  pour les communes labelis\u00e9es 1 \u00e0 4 fleurs<\/span>\n\t\t\t\t\t<\/span>\n\t\t\t\t\t<\/a>\n\t\t\t\t\t\t\t\t<\/div>\n\t\t\t\t<div class=\"elementor-element elementor-element-c993cbb elementor-widget elementor-widget-text-editor\" data-id=\"c993cbb\" data-element_type=\"widget\" data-e-type=\"widget\" data-widget_type=\"text-editor.default\">\n\t\t\t\t\t\t\t\t\t<p><strong>\u00e0 renvoyer avant le 30 avril 2026<\/strong><\/p>\t\t\t\t\t\t\t\t<\/div>\n\t\t\t\t<div class=\"elementor-element elementor-element-211744b elementor-align-center elementor-widget elementor-widget-button\" data-id=\"211744b\" data-element_type=\"widget\" data-e-type=\"widget\" data-widget_type=\"button.default\">\n\t\t\t\t\t\t\t\t\t\t<a class=\"elementor-button elementor-button-link elementor-size-sm\" href=\"http:\/\/www.embellissonslatouraine.fr\/wp-content\/uploads\/2026\/04\/SHOT_participation_jury_departemental_2026_FI.pdf\" target=\"_blank\">\n\t\t\t\t\t\t<span class=\"elementor-button-content-wrapper\">\n\t\t\t\t\t\t\t\t\t<span class=\"elementor-button-text\">Coupon de participation au jury<\/span>\n\t\t\t\t\t<\/span>\n\t\t\t\t\t<\/a>\n\t\t\t\t\t\t\t\t<\/div>\n\t\t\t\t<div class=\"elementor-element elementor-element-675d087 elementor-widget elementor-widget-text-editor\" data-id=\"675d087\" data-element_type=\"widget\" data-e-type=\"widget\" data-widget_type=\"text-editor.default\">\n\t\t\t\t\t\t\t\t\t<p><strong>\u00e0 renvoyer avant le 30 mai 2026<\/strong><\/p>\t\t\t\t\t\t\t\t<\/div>\n\t\t\t\t<\/div>\n\t\t<div class=\"elementor-element elementor-element-e5c8dcc e-con-full e-flex e-con e-child\" data-id=\"e5c8dcc\" data-element_type=\"container\" data-e-type=\"container\">\n\t\t\t\t<div class=\"elementor-element elementor-element-9d81e44 elementor-widget elementor-widget-text-editor\" data-id=\"9d81e44\" data-element_type=\"widget\" data-e-type=\"widget\" data-widget_type=\"text-editor.default\">\n\t\t\t\t\t\t\t\t\t<p><strong>\u00e0 renvoyer avant le 30 juin 2026<\/strong><\/p>\t\t\t\t\t\t\t\t<\/div>\n\t\t<div class=\"elementor-element elementor-element-d9c77df e-grid e-con-full e-con e-child\" data-id=\"d9c77df\" data-element_type=\"container\" data-e-type=\"container\">\n\t\t\t\t<div class=\"elementor-element elementor-element-36e2010 elementor-widget elementor-widget-text-editor\" data-id=\"36e2010\" data-element_type=\"widget\" data-e-type=\"widget\" data-widget_type=\"text-editor.default\">\n\t\t\t\t\t\t\t\t\t<p><strong>Concours d\u00e9partemental du <\/strong><br \/><strong>Fleurissement de Printemps<\/strong><\/p>\t\t\t\t\t\t\t\t<\/div>\n\t\t\t\t<div class=\"elementor-element elementor-element-0182b30 elementor-widget elementor-widget-text-editor\" data-id=\"0182b30\" data-element_type=\"widget\" data-e-type=\"widget\" data-widget_type=\"text-editor.default\">\n\t\t\t\t\t\t\t\t\t<p><strong>Concours d\u00e9partemental du <\/strong><br \/><strong>jardinier<\/strong><\/p>\t\t\t\t\t\t\t\t<\/div>\n\t\t\t\t<div class=\"elementor-element elementor-element-01f770d elementor-widget elementor-widget-button\" data-id=\"01f770d\" data-element_type=\"widget\" data-e-type=\"widget\" data-widget_type=\"button.default\">\n\t\t\t\t\t\t\t\t\t\t<a class=\"elementor-button elementor-button-link elementor-size-sm\" href=\"http:\/\/www.embellissonslatouraine.fr\/wp-content\/uploads\/2026\/04\/SHOT_Fiche_inscription_fleur_printemps_2026_FI.pdf\" target=\"_blank\">\n\t\t\t\t\t\t<span class=\"elementor-button-content-wrapper\">\n\t\t\t\t\t\t\t\t\t<span class=\"elementor-button-text\">Inscription au Concours d\u00e9partemental de fleurissement de printemps <\/span>\n\t\t\t\t\t<\/span>\n\t\t\t\t\t<\/a>\n\t\t\t\t\t\t\t\t<\/div>\n\t\t\t\t<div class=\"elementor-element elementor-element-bb9b361 elementor-align-center elementor-widget elementor-widget-button\" data-id=\"bb9b361\" data-element_type=\"widget\" data-e-type=\"widget\" data-widget_type=\"button.default\">\n\t\t\t\t\t\t\t\t\t\t<a class=\"elementor-button elementor-button-link elementor-size-sm\" href=\"http:\/\/www.embellissonslatouraine.fr\/wp-content\/uploads\/2026\/04\/SHOT_Fiche_inscription_jardinier_2026_FI.pdf\" target=\"_blank\">\n\t\t\t\t\t\t<span class=\"elementor-button-content-wrapper\">\n\t\t\t\t\t\t\t\t\t<span class=\"elementor-button-text\">           Inscription au Concours d\u00e9partemental du jardinier<\/span>\n\t\t\t\t\t<\/span>\n\t\t\t\t\t<\/a>\n\t\t\t\t\t\t\t\t<\/div>\n\t\t\t\t<\/div>\n\t\t\t\t<div class=\"elementor-element elementor-element-b18a739 elementor-align-center elementor-widget elementor-widget-button\" data-id=\"b18a739\" data-element_type=\"widget\" data-e-type=\"widget\" data-widget_type=\"button.default\">\n\t\t\t\t\t\t\t\t\t\t<a class=\"elementor-button elementor-button-link elementor-size-sm\" href=\"http:\/\/www.embellissonslatouraine.fr\/wp-content\/uploads\/2026\/04\/SHOT_Fiche_prix_mobilisation_citoyens_2026_FI.pdf\" target=\"_blank\">\n\t\t\t\t\t\t<span class=\"elementor-button-content-wrapper\">\n\t\t\t\t\t\t\t\t\t<span class=\"elementor-button-text\">Inscription au Prix Mobilisation des citoyens<\/span>\n\t\t\t\t\t<\/span>\n\t\t\t\t\t<\/a>\n\t\t\t\t\t\t\t\t<\/div>\n\t\t\t\t<\/div>\n\t\t\t\t\t<\/div>\n\t\t\t\t<\/div>\n\t\t<div class=\"elementor-element elementor-element-d01ecaa e-grid e-con-full e-con e-parent\" data-id=\"d01ecaa\" data-element_type=\"container\" data-e-type=\"container\">\n\t\t\t\t<div class=\"elementor-element elementor-element-94c8e6d elementor-align-center elementor-widget elementor-widget-button\" data-id=\"94c8e6d\" data-element_type=\"widget\" data-e-type=\"widget\" data-widget_type=\"button.default\">\n\t\t\t\t\t\t\t\t\t\t<a class=\"elementor-button elementor-button-link elementor-size-sm\" href=\"http:\/\/www.embellissonslatouraine.fr\/wp-content\/uploads\/2025\/12\/Reglement_Embellissons_Touraine.pdf\" target=\"_blank\">\n\t\t\t\t\t\t<span class=\"elementor-button-content-wrapper\">\n\t\t\t\t\t\t\t\t\t<span class=\"elementor-button-text\">R\u00e9glement d\u00e9partemental des Villes et Villages Fleuris<\/span>\n\t\t\t\t\t<\/span>\n\t\t\t\t\t<\/a>\n\t\t\t\t\t\t\t\t<\/div>\n\t\t\t\t<div class=\"elementor-element elementor-element-6e66675 elementor-widget elementor-widget-button\" data-id=\"6e66675\" data-element_type=\"widget\" data-e-type=\"widget\" data-widget_type=\"button.default\">\n\t\t\t\t\t\t\t\t\t\t<a class=\"elementor-button elementor-button-link elementor-size-sm\" href=\"http:\/\/www.embellissonslatouraine.fr\/wp-content\/uploads\/2026\/03\/reglement-CNVVF-2026.pdf\" target=\"_blank\">\n\t\t\t\t\t\t<span class=\"elementor-button-content-wrapper\">\n\t\t\t\t\t\t\t\t\t<span class=\"elementor-button-text\">R\u00e9glement national des Villes et Villages Fleuris<\/span>\n\t\t\t\t\t<\/span>\n\t\t\t\t\t<\/a>\n\t\t\t\t\t\t\t\t<\/div>\n\t\t\t\t<\/div>\n\t\t\t\t<\/div>\n\t\t","protected":false},"excerpt":{"rendered":"<p>L&rsquo;op\u00e9ration Villes et Villages Fleuris est financ\u00e9 par le Conseil d\u00e9partemental d&rsquo;Indre-et-Loire dont il a d\u00e9l\u00e9gu\u00e9 l&rsquo;organisation \u00e0 la Soci\u00e9t\u00e9 d&rsquo;Horticulture de Touraine. M. Franck CHARTIER (Conseiller d\u00e9partemental) et Mme Maryse FRIOT (Pr\u00e9sidente de la SHOT) Inscription au Label des Villes et Villages Fleuris Concours et prix 2026 Fiche de candidature pour les communes non [&hellip;]<\/p>\n","protected":false},"author":2,"featured_media":0,"parent":0,"menu_order":0,"comment_status":"closed","ping_status":"closed","template":"elementor_header_footer","meta":{"_eb_attr":"","ocean_post_layout":"","ocean_both_sidebars_style":"","ocean_both_sidebars_content_width":0,"ocean_both_sidebars_sidebars_width":0,"ocean_sidebar":"","ocean_second_sidebar":"","ocean_disable_margins":"enable","ocean_add_body_class":"","ocean_shortcode_before_top_bar":"","ocean_shortcode_after_top_bar":"","ocean_shortcode_before_header":"","ocean_shortcode_after_header":"","ocean_has_shortcode":"","ocean_shortcode_after_title":"","ocean_shortcode_before_footer_widgets":"","ocean_shortcode_after_footer_widgets":"","ocean_shortcode_before_footer_bottom":"","ocean_shortcode_after_footer_bottom":"","ocean_display_top_bar":"default","ocean_display_header":"default","ocean_header_style":"","ocean_center_header_left_menu":"","ocean_custom_header_template":"","ocean_custom_logo":0,"ocean_custom_retina_logo":0,"ocean_custom_logo_max_width":0,"ocean_custom_logo_tablet_max_width":0,"ocean_custom_logo_mobile_max_width":0,"ocean_custom_logo_max_height":0,"ocean_custom_logo_tablet_max_height":0,"ocean_custom_logo_mobile_max_height":0,"ocean_header_custom_menu":"","ocean_menu_typo_font_family":"","ocean_menu_typo_font_subset":"","ocean_menu_typo_font_size":0,"ocean_menu_typo_font_size_tablet":0,"ocean_menu_typo_font_size_mobile":0,"ocean_menu_typo_font_size_unit":"px","ocean_menu_typo_font_weight":"","ocean_menu_typo_font_weight_tablet":"","ocean_menu_typo_font_weight_mobile":"","ocean_menu_typo_transform":"","ocean_menu_typo_transform_tablet":"","ocean_menu_typo_transform_mobile":"","ocean_menu_typo_line_height":0,"ocean_menu_typo_line_height_tablet":0,"ocean_menu_typo_line_height_mobile":0,"ocean_menu_typo_line_height_unit":"","ocean_menu_typo_spacing":0,"ocean_menu_typo_spacing_tablet":0,"ocean_menu_typo_spacing_mobile":0,"ocean_menu_typo_spacing_unit":"","ocean_menu_link_color":"","ocean_menu_link_color_hover":"","ocean_menu_link_color_active":"","ocean_menu_link_background":"","ocean_menu_link_hover_background":"","ocean_menu_link_active_background":"","ocean_menu_social_links_bg":"","ocean_menu_social_hover_links_bg":"","ocean_menu_social_links_color":"","ocean_menu_social_hover_links_color":"","ocean_disable_title":"default","ocean_disable_heading":"default","ocean_post_title":"","ocean_post_subheading":"","ocean_post_title_style":"","ocean_post_title_background_color":"","ocean_post_title_background":0,"ocean_post_title_bg_image_position":"","ocean_post_title_bg_image_attachment":"","ocean_post_title_bg_image_repeat":"","ocean_post_title_bg_image_size":"","ocean_post_title_height":0,"ocean_post_title_bg_overlay":0.5,"ocean_post_title_bg_overlay_color":"","ocean_disable_breadcrumbs":"default","ocean_breadcrumbs_color":"","ocean_breadcrumbs_separator_color":"","ocean_breadcrumbs_links_color":"","ocean_breadcrumbs_links_hover_color":"","ocean_display_footer_widgets":"default","ocean_display_footer_bottom":"default","ocean_custom_footer_template":"","footnotes":""},"class_list":["post-334","page","type-page","status-publish","hentry","entry"],"yoast_head":"<!-- This site is optimized with the Yoast SEO plugin v27.4 - https:\/\/yoast.com\/product\/yoast-seo-wordpress\/ -->\n<title>VILLES ET VILLAGES FLEURIS - Embellissons la Touraine<\/title>\n<meta name=\"robots\" content=\"index, follow, max-snippet:-1, max-image-preview:large, max-video-preview:-1\" \/>\n<link rel=\"canonical\" href=\"https:\/\/www.embellissonslatouraine.fr\/index.php\/villes-et-villages-fleuris\/\" \/>\n<meta property=\"og:locale\" content=\"fr_FR\" \/>\n<meta property=\"og:type\" content=\"article\" \/>\n<meta property=\"og:title\" content=\"VILLES ET VILLAGES FLEURIS - Embellissons la Touraine\" \/>\n<meta property=\"og:description\" content=\"L&rsquo;op\u00e9ration Villes et Villages Fleuris est financ\u00e9 par le Conseil d\u00e9partemental d&rsquo;Indre-et-Loire dont il a d\u00e9l\u00e9gu\u00e9 l&rsquo;organisation \u00e0 la Soci\u00e9t\u00e9 d&rsquo;Horticulture de Touraine. M. Franck CHARTIER (Conseiller d\u00e9partemental) et Mme Maryse FRIOT (Pr\u00e9sidente de la SHOT) Inscription au Label des Villes et Villages Fleuris Concours et prix 2026 Fiche de candidature pour les communes non [&hellip;]\" \/>\n<meta property=\"og:url\" content=\"https:\/\/www.embellissonslatouraine.fr\/index.php\/villes-et-villages-fleuris\/\" \/>\n<meta property=\"og:site_name\" content=\"Embellissons la Touraine\" \/>\n<meta property=\"article:modified_time\" content=\"2026-04-08T07:30:23+00:00\" \/>\n<meta property=\"og:image\" content=\"http:\/\/www.embellissonslatouraine.fr\/wp-content\/uploads\/2026\/01\/2024_11_19_Embelissons_La_Touraine_000030-1024x694.jpg\" \/>\n<meta name=\"twitter:card\" content=\"summary_large_image\" \/>\n<meta name=\"twitter:label1\" content=\"Dur\u00e9e de lecture estim\u00e9e\" \/>\n\t<meta name=\"twitter:data1\" content=\"1 minute\" \/>\n<script type=\"application\/ld+json\" class=\"yoast-schema-graph\">{\"@context\":\"https:\\\/\\\/schema.org\",\"@graph\":[{\"@type\":\"WebPage\",\"@id\":\"https:\\\/\\\/www.embellissonslatouraine.fr\\\/index.php\\\/villes-et-villages-fleuris\\\/\",\"url\":\"https:\\\/\\\/www.embellissonslatouraine.fr\\\/index.php\\\/villes-et-villages-fleuris\\\/\",\"name\":\"VILLES ET VILLAGES FLEURIS - Embellissons la Touraine\",\"isPartOf\":{\"@id\":\"https:\\\/\\\/www.embellissonslatouraine.fr\\\/#website\"},\"primaryImageOfPage\":{\"@id\":\"https:\\\/\\\/www.embellissonslatouraine.fr\\\/index.php\\\/villes-et-villages-fleuris\\\/#primaryimage\"},\"image\":{\"@id\":\"https:\\\/\\\/www.embellissonslatouraine.fr\\\/index.php\\\/villes-et-villages-fleuris\\\/#primaryimage\"},\"thumbnailUrl\":\"http:\\\/\\\/www.embellissonslatouraine.fr\\\/wp-content\\\/uploads\\\/2026\\\/01\\\/2024_11_19_Embelissons_La_Touraine_000030-1024x694.jpg\",\"datePublished\":\"2025-10-21T13:52:09+00:00\",\"dateModified\":\"2026-04-08T07:30:23+00:00\",\"breadcrumb\":{\"@id\":\"https:\\\/\\\/www.embellissonslatouraine.fr\\\/index.php\\\/villes-et-villages-fleuris\\\/#breadcrumb\"},\"inLanguage\":\"fr-FR\",\"potentialAction\":[{\"@type\":\"ReadAction\",\"target\":[\"https:\\\/\\\/www.embellissonslatouraine.fr\\\/index.php\\\/villes-et-villages-fleuris\\\/\"]}]},{\"@type\":\"ImageObject\",\"inLanguage\":\"fr-FR\",\"@id\":\"https:\\\/\\\/www.embellissonslatouraine.fr\\\/index.php\\\/villes-et-villages-fleuris\\\/#primaryimage\",\"url\":\"https:\\\/\\\/www.embellissonslatouraine.fr\\\/wp-content\\\/uploads\\\/2026\\\/01\\\/2024_11_19_Embelissons_La_Touraine_000030.jpg\",\"contentUrl\":\"https:\\\/\\\/www.embellissonslatouraine.fr\\\/wp-content\\\/uploads\\\/2026\\\/01\\\/2024_11_19_Embelissons_La_Touraine_000030.jpg\",\"width\":1200,\"height\":813},{\"@type\":\"BreadcrumbList\",\"@id\":\"https:\\\/\\\/www.embellissonslatouraine.fr\\\/index.php\\\/villes-et-villages-fleuris\\\/#breadcrumb\",\"itemListElement\":[{\"@type\":\"ListItem\",\"position\":1,\"name\":\"Accueil\",\"item\":\"https:\\\/\\\/www.embellissonslatouraine.fr\\\/\"},{\"@type\":\"ListItem\",\"position\":2,\"name\":\"VILLES ET VILLAGES FLEURIS\"}]},{\"@type\":\"WebSite\",\"@id\":\"https:\\\/\\\/www.embellissonslatouraine.fr\\\/#website\",\"url\":\"https:\\\/\\\/www.embellissonslatouraine.fr\\\/\",\"name\":\"Embellissons la Touraine\",\"description\":\"Embellissons la Touraine\",\"publisher\":{\"@id\":\"https:\\\/\\\/www.embellissonslatouraine.fr\\\/#organization\"},\"potentialAction\":[{\"@type\":\"SearchAction\",\"target\":{\"@type\":\"EntryPoint\",\"urlTemplate\":\"https:\\\/\\\/www.embellissonslatouraine.fr\\\/?s={search_term_string}\"},\"query-input\":{\"@type\":\"PropertyValueSpecification\",\"valueRequired\":true,\"valueName\":\"search_term_string\"}}],\"inLanguage\":\"fr-FR\"},{\"@type\":\"Organization\",\"@id\":\"https:\\\/\\\/www.embellissonslatouraine.fr\\\/#organization\",\"name\":\"Embellissons la Touraine\",\"url\":\"https:\\\/\\\/www.embellissonslatouraine.fr\\\/\",\"logo\":{\"@type\":\"ImageObject\",\"inLanguage\":\"fr-FR\",\"@id\":\"https:\\\/\\\/www.embellissonslatouraine.fr\\\/#\\\/schema\\\/logo\\\/image\\\/\",\"url\":\"https:\\\/\\\/www.embellissonslatouraine.fr\\\/wp-content\\\/uploads\\\/2025\\\/10\\\/LOGO-OFFICIEL-VILLES-ET-VILLAGES-FLEURIS-JPEG.jpg\",\"contentUrl\":\"https:\\\/\\\/www.embellissonslatouraine.fr\\\/wp-content\\\/uploads\\\/2025\\\/10\\\/LOGO-OFFICIEL-VILLES-ET-VILLAGES-FLEURIS-JPEG.jpg\",\"width\":1578,\"height\":481,\"caption\":\"Embellissons la Touraine\"},\"image\":{\"@id\":\"https:\\\/\\\/www.embellissonslatouraine.fr\\\/#\\\/schema\\\/logo\\\/image\\\/\"}}]}<\/script>\n<!-- \/ Yoast SEO plugin. -->","yoast_head_json":{"title":"VILLES ET VILLAGES FLEURIS - Embellissons la Touraine","robots":{"index":"index","follow":"follow","max-snippet":"max-snippet:-1","max-image-preview":"max-image-preview:large","max-video-preview":"max-video-preview:-1"},"canonical":"https:\/\/www.embellissonslatouraine.fr\/index.php\/villes-et-villages-fleuris\/","og_locale":"fr_FR","og_type":"article","og_title":"VILLES ET VILLAGES FLEURIS - Embellissons la Touraine","og_description":"L&rsquo;op\u00e9ration Villes et Villages Fleuris est financ\u00e9 par le Conseil d\u00e9partemental d&rsquo;Indre-et-Loire dont il a d\u00e9l\u00e9gu\u00e9 l&rsquo;organisation \u00e0 la Soci\u00e9t\u00e9 d&rsquo;Horticulture de Touraine. M. Franck CHARTIER (Conseiller d\u00e9partemental) et Mme Maryse FRIOT (Pr\u00e9sidente de la SHOT) Inscription au Label des Villes et Villages Fleuris Concours et prix 2026 Fiche de candidature pour les communes non [&hellip;]","og_url":"https:\/\/www.embellissonslatouraine.fr\/index.php\/villes-et-villages-fleuris\/","og_site_name":"Embellissons la Touraine","article_modified_time":"2026-04-08T07:30:23+00:00","og_image":[{"url":"http:\/\/www.embellissonslatouraine.fr\/wp-content\/uploads\/2026\/01\/2024_11_19_Embelissons_La_Touraine_000030-1024x694.jpg","type":"","width":"","height":""}],"twitter_card":"summary_large_image","twitter_misc":{"Dur\u00e9e de lecture estim\u00e9e":"1 minute"},"schema":{"@context":"https:\/\/schema.org","@graph":[{"@type":"WebPage","@id":"https:\/\/www.embellissonslatouraine.fr\/index.php\/villes-et-villages-fleuris\/","url":"https:\/\/www.embellissonslatouraine.fr\/index.php\/villes-et-villages-fleuris\/","name":"VILLES ET VILLAGES FLEURIS - Embellissons la Touraine","isPartOf":{"@id":"https:\/\/www.embellissonslatouraine.fr\/#website"},"primaryImageOfPage":{"@id":"https:\/\/www.embellissonslatouraine.fr\/index.php\/villes-et-villages-fleuris\/#primaryimage"},"image":{"@id":"https:\/\/www.embellissonslatouraine.fr\/index.php\/villes-et-villages-fleuris\/#primaryimage"},"thumbnailUrl":"http:\/\/www.embellissonslatouraine.fr\/wp-content\/uploads\/2026\/01\/2024_11_19_Embelissons_La_Touraine_000030-1024x694.jpg","datePublished":"2025-10-21T13:52:09+00:00","dateModified":"2026-04-08T07:30:23+00:00","breadcrumb":{"@id":"https:\/\/www.embellissonslatouraine.fr\/index.php\/villes-et-villages-fleuris\/#breadcrumb"},"inLanguage":"fr-FR","potentialAction":[{"@type":"ReadAction","target":["https:\/\/www.embellissonslatouraine.fr\/index.php\/villes-et-villages-fleuris\/"]}]},{"@type":"ImageObject","inLanguage":"fr-FR","@id":"https:\/\/www.embellissonslatouraine.fr\/index.php\/villes-et-villages-fleuris\/#primaryimage","url":"https:\/\/www.embellissonslatouraine.fr\/wp-content\/uploads\/2026\/01\/2024_11_19_Embelissons_La_Touraine_000030.jpg","contentUrl":"https:\/\/www.embellissonslatouraine.fr\/wp-content\/uploads\/2026\/01\/2024_11_19_Embelissons_La_Touraine_000030.jpg","width":1200,"height":813},{"@type":"BreadcrumbList","@id":"https:\/\/www.embellissonslatouraine.fr\/index.php\/villes-et-villages-fleuris\/#breadcrumb","itemListElement":[{"@type":"ListItem","position":1,"name":"Accueil","item":"https:\/\/www.embellissonslatouraine.fr\/"},{"@type":"ListItem","position":2,"name":"VILLES ET VILLAGES FLEURIS"}]},{"@type":"WebSite","@id":"https:\/\/www.embellissonslatouraine.fr\/#website","url":"https:\/\/www.embellissonslatouraine.fr\/","name":"Embellissons la Touraine","description":"Embellissons la Touraine","publisher":{"@id":"https:\/\/www.embellissonslatouraine.fr\/#organization"},"potentialAction":[{"@type":"SearchAction","target":{"@type":"EntryPoint","urlTemplate":"https:\/\/www.embellissonslatouraine.fr\/?s={search_term_string}"},"query-input":{"@type":"PropertyValueSpecification","valueRequired":true,"valueName":"search_term_string"}}],"inLanguage":"fr-FR"},{"@type":"Organization","@id":"https:\/\/www.embellissonslatouraine.fr\/#organization","name":"Embellissons la Touraine","url":"https:\/\/www.embellissonslatouraine.fr\/","logo":{"@type":"ImageObject","inLanguage":"fr-FR","@id":"https:\/\/www.embellissonslatouraine.fr\/#\/schema\/logo\/image\/","url":"https:\/\/www.embellissonslatouraine.fr\/wp-content\/uploads\/2025\/10\/LOGO-OFFICIEL-VILLES-ET-VILLAGES-FLEURIS-JPEG.jpg","contentUrl":"https:\/\/www.embellissonslatouraine.fr\/wp-content\/uploads\/2025\/10\/LOGO-OFFICIEL-VILLES-ET-VILLAGES-FLEURIS-JPEG.jpg","width":1578,"height":481,"caption":"Embellissons la Touraine"},"image":{"@id":"https:\/\/www.embellissonslatouraine.fr\/#\/schema\/logo\/image\/"}}]}},"_links":{"self":[{"href":"https:\/\/www.embellissonslatouraine.fr\/index.php\/wp-json\/wp\/v2\/pages\/334","targetHints":{"allow":["GET"]}}],"collection":[{"href":"https:\/\/www.embellissonslatouraine.fr\/index.php\/wp-json\/wp\/v2\/pages"}],"about":[{"href":"https:\/\/www.embellissonslatouraine.fr\/index.php\/wp-json\/wp\/v2\/types\/page"}],"author":[{"embeddable":true,"href":"https:\/\/www.embellissonslatouraine.fr\/index.php\/wp-json\/wp\/v2\/users\/2"}],"replies":[{"embeddable":true,"href":"https:\/\/www.embellissonslatouraine.fr\/index.php\/wp-json\/wp\/v2\/comments?post=334"}],"version-history":[{"count":52,"href":"https:\/\/www.embellissonslatouraine.fr\/index.php\/wp-json\/wp\/v2\/pages\/334\/revisions"}],"predecessor-version":[{"id":1775,"href":"https:\/\/www.embellissonslatouraine.fr\/index.php\/wp-json\/wp\/v2\/pages\/334\/revisions\/1775"}],"wp:attachment":[{"href":"https:\/\/www.embellissonslatouraine.fr\/index.php\/wp-json\/wp\/v2\/media?parent=334"}],"curies":[{"name":"wp","href":"https:\/\/api.w.org\/{rel}","templated":true}]}}