{"id":1599,"date":"2026-03-27T11:57:35","date_gmt":"2026-03-27T10:57:35","guid":{"rendered":"https:\/\/www.embellissonslatouraine.fr\/?page_id=1599"},"modified":"2026-03-30T15:18:19","modified_gmt":"2026-03-30T14:18:19","slug":"jardiner-autrement","status":"publish","type":"page","link":"https:\/\/www.embellissonslatouraine.fr\/index.php\/jardiner-autrement\/","title":{"rendered":"JARDINER AUTREMENT"},"content":{"rendered":"\t\t<div data-elementor-type=\"wp-page\" data-elementor-id=\"1599\" class=\"elementor elementor-1599\">\n\t\t\t\t<div class=\"elementor-element elementor-element-3c051a0 e-grid e-con-boxed e-con e-parent\" data-id=\"3c051a0\" data-element_type=\"container\" data-e-type=\"container\">\n\t\t\t\t\t<div class=\"e-con-inner\">\n\t\t\t\t<div class=\"elementor-element elementor-element-f3ee873 elementor-widget elementor-widget-text-editor\" data-id=\"f3ee873\" data-element_type=\"widget\" data-e-type=\"widget\" data-widget_type=\"text-editor.default\">\n\t\t\t\t\t\t\t\t\t<p>Le site\u00a0<a href=\"http:\/\/www.jardiner-autrement.fr\/\"><strong>www.jardiner-autrement.fr<\/strong><\/a>, anim\u00e9 par la Soci\u00e9t\u00e9 Nationale d\u2019Horticulture de France depuis 2010, se veut un site d\u2019informations fiables sans parti pris autre que celui d\u2019un jardinage raisonn\u00e9.<\/p><p>En rappelant les fondamentaux pour un jardin en bonne sant\u00e9, en faisant le point sur les techniques alternatives efficaces, l\u2019objectif est d\u2019apporter des cl\u00e9s pour r\u00e9ussir un jardin plus respectueux de la nature. Jardiner autrement c\u2019est donc raisonner : observer, comprendre, pr\u00e9venir plut\u00f4t que gu\u00e9rir et choisir comment gu\u00e9rir en connaissance de cause.<\/p>\t\t\t\t\t\t\t\t<\/div>\n\t\t\t\t<div class=\"elementor-element elementor-element-17c3425 elementor-widget elementor-widget-image\" data-id=\"17c3425\" data-element_type=\"widget\" data-e-type=\"widget\" data-widget_type=\"image.default\">\n\t\t\t\t\t\t\t\t\t\t\t\t\t\t\t\t<a href=\"https:\/\/www.jardiner-autrement.fr\/\" target=\"_blank\">\n\t\t\t\t\t\t\t<img fetchpriority=\"high\" decoding=\"async\" width=\"391\" height=\"226\" src=\"https:\/\/www.embellissonslatouraine.fr\/wp-content\/uploads\/2026\/03\/Logo_JA_vert_RVB_carre-1-e1469197735297-1.jpg\" class=\"attachment-large size-large wp-image-1697\" alt=\"\" srcset=\"https:\/\/www.embellissonslatouraine.fr\/wp-content\/uploads\/2026\/03\/Logo_JA_vert_RVB_carre-1-e1469197735297-1.jpg 391w, https:\/\/www.embellissonslatouraine.fr\/wp-content\/uploads\/2026\/03\/Logo_JA_vert_RVB_carre-1-e1469197735297-1-300x173.jpg 300w\" sizes=\"(max-width: 391px) 100vw, 391px\" \/>\t\t\t\t\t\t\t\t<\/a>\n\t\t\t\t\t\t\t\t\t\t\t\t\t\t\t<\/div>\n\t\t\t\t\t<\/div>\n\t\t\t\t<\/div>\n\t\t<div class=\"elementor-element elementor-element-1a63ae5 e-grid e-con-boxed e-con e-parent\" data-id=\"1a63ae5\" data-element_type=\"container\" data-e-type=\"container\">\n\t\t\t\t\t<div class=\"e-con-inner\">\n\t\t\t\t<div class=\"elementor-element elementor-element-29e07d1 elementor-widget elementor-widget-text-editor\" data-id=\"29e07d1\" data-element_type=\"widget\" data-e-type=\"widget\" data-widget_type=\"text-editor.default\">\n\t\t\t\t\t\t\t\t\t<p><span style=\"text-decoration: underline;\">Vous trouverez<\/span><\/p><p>&#8211; les webinaires \u00ab\u00a0<strong>des leviers pour jardiner en faveur du climat\u00a0<\/strong>\u00bb.<\/p><p>&#8211; HortiQuid\u00a0: des experts de la SNHF vous r\u00e9pondent. <a href=\"http:\/\/www.hortiquid.org\/\">www.hortiquid.org<\/a><\/p><p>&#8211; des ressources num\u00e9riques<\/p><p>&#8211; les sciences participatives<\/p>\t\t\t\t\t\t\t\t<\/div>\n\t\t\t\t<div class=\"elementor-element elementor-element-77836b1 elementor-widget elementor-widget-image\" data-id=\"77836b1\" data-element_type=\"widget\" data-e-type=\"widget\" data-widget_type=\"image.default\">\n\t\t\t\t\t\t\t\t\t\t\t\t\t\t\t\t<a href=\"https:\/\/www.youtube.com\/playlist?list=PLcjRHIEXibWdfw4cSNOr1TGPHvAwiBVSO\">\n\t\t\t\t\t\t\t<img decoding=\"async\" width=\"336\" height=\"188\" src=\"https:\/\/www.embellissonslatouraine.fr\/wp-content\/uploads\/2026\/03\/webinaires.jpg\" class=\"attachment-large size-large wp-image-1712\" alt=\"\" srcset=\"https:\/\/www.embellissonslatouraine.fr\/wp-content\/uploads\/2026\/03\/webinaires.jpg 336w, https:\/\/www.embellissonslatouraine.fr\/wp-content\/uploads\/2026\/03\/webinaires-300x168.jpg 300w\" sizes=\"(max-width: 336px) 100vw, 336px\" \/>\t\t\t\t\t\t\t\t<\/a>\n\t\t\t\t\t\t\t\t\t\t\t\t\t\t\t<\/div>\n\t\t\t\t<div class=\"elementor-element elementor-element-4b89007 elementor-widget elementor-widget-text-editor\" data-id=\"4b89007\" data-element_type=\"widget\" data-e-type=\"widget\" data-widget_type=\"text-editor.default\">\n\t\t\t\t\t\t\t\t\t<p><strong>&#8211; de la documentation gratuite pour vos \u00e9v\u00e8nements li\u00e9s au jardinage et aux plantes<\/strong><\/p>\n<p>Le MOOC (Cours en ligne gratuit et ouvert \u00e0 tous) Pollinisateurs d\u00e9bute le 20 mars<\/p>\n<h6><a href=\"https:\/\/www.jardiner-autrement.fr\/actualite\/inscriptions-au-mooc-pollinisateurs\/\">https:\/\/www.jardiner-autrement.fr\/actualite\/inscriptions-au-mooc-pollinisateurs\/<\/a><\/h6>\t\t\t\t\t\t\t\t<\/div>\n\t\t\t\t\t<\/div>\n\t\t\t\t<\/div>\n\t\t<div class=\"elementor-element elementor-element-1c1ec56 e-flex e-con-boxed e-con e-parent\" data-id=\"1c1ec56\" data-element_type=\"container\" data-e-type=\"container\">\n\t\t\t\t\t<div class=\"e-con-inner\">\n\t\t\t\t<div class=\"elementor-element elementor-element-01aa696 elementor-widget elementor-widget-text-editor\" data-id=\"01aa696\" data-element_type=\"widget\" data-e-type=\"widget\" data-widget_type=\"text-editor.default\">\n\t\t\t\t\t\t\t\t\t<p><strong>Les sciences participatives<\/strong><\/p><p>Les programmes de sciences participatives sont des formes de production de connaissances scientifiques auxquelles des acteurs non-scientifiques-professionnels \u2014 qu\u2019il s\u2019agisse d\u2019individus ou de groupes \u2014 participent de fa\u00e7on active et d\u00e9lib\u00e9r\u00e9e.<\/p>\t\t\t\t\t\t\t\t<\/div>\n\t\t\t\t\t<\/div>\n\t\t\t\t<\/div>\n\t\t<div class=\"elementor-element elementor-element-717f96d e-grid e-con-boxed e-con e-parent\" data-id=\"717f96d\" data-element_type=\"container\" data-e-type=\"container\">\n\t\t\t\t\t<div class=\"e-con-inner\">\n\t\t\t\t<div class=\"elementor-element elementor-element-ea55e73 elementor-widget elementor-widget-text-editor\" data-id=\"ea55e73\" data-element_type=\"widget\" data-e-type=\"widget\" data-widget_type=\"text-editor.default\">\n\t\t\t\t\t\t\t\t\t<p><strong>QUBS<\/strong>\u00a0: QUalit\u00e9 Biologique des Sols. Suivre\u00a0<a href=\"https:\/\/www.qubs.fr\/\">la diversit\u00e9 des groupes d\u2019esp\u00e8ces vivant dans les sols<\/a>.<\/p>\t\t\t\t\t\t\t\t<\/div>\n\t\t\t\t<div class=\"elementor-element elementor-element-f510209 elementor-widget elementor-widget-text-editor\" data-id=\"f510209\" data-element_type=\"widget\" data-e-type=\"widget\" data-widget_type=\"text-editor.default\">\n\t\t\t\t\t\t\t\t\t<p><strong>Spipoll<\/strong>\u00a0:\u00a0<a href=\"https:\/\/www.spipoll.org\/\">suivi photographique des insectes pollinisateurs<\/a>\u00a0pr\u00e9sents sur une m\u00eame plante par cr\u00e9neau de 20 min.<\/p>\t\t\t\t\t\t\t\t<\/div>\n\t\t\t\t\t<\/div>\n\t\t\t\t<\/div>\n\t\t<div class=\"elementor-element elementor-element-cccf29b e-grid e-con-boxed e-con e-parent\" data-id=\"cccf29b\" data-element_type=\"container\" data-e-type=\"container\">\n\t\t\t\t\t<div class=\"e-con-inner\">\n\t\t\t\t<div class=\"elementor-element elementor-element-f5f0f9b elementor-widget elementor-widget-text-editor\" data-id=\"f5f0f9b\" data-element_type=\"widget\" data-e-type=\"widget\" data-widget_type=\"text-editor.default\">\n\t\t\t\t\t\t\t\t\t<p><strong>BirdLab<\/strong>\u00a0:\u00a0<a href=\"https:\/\/www.jardiner-autrement.fr\/sciences-participatives-birdlab\/\">suivi des populations d\u2019oiseaux et de leurs interactions<\/a>\u00a0sur une mangeoire.<\/p>\t\t\t\t\t\t\t\t<\/div>\n\t\t\t\t<div class=\"elementor-element elementor-element-63a640f elementor-widget elementor-widget-text-editor\" data-id=\"63a640f\" data-element_type=\"widget\" data-e-type=\"widget\" data-widget_type=\"text-editor.default\">\n\t\t\t\t\t\t\t\t\t<p><strong>Sauvages de ma rue<\/strong>\u00a0:\u00a0<a href=\"https:\/\/www.tela-botanica.org\/projets\/sauvages-de-ma-rue\/\">identifier les plantes qui poussent sur les trottoirs<\/a> ainsi que leur environnement proche.<\/p><p><strong>Vigie-Flore<\/strong>\u00a0:\u00a0<a href=\"https:\/\/www.vigienature.fr\/fr\/vigie-flore\">suivre les changements d\u2019abondance des plantes communes<\/a>\u00a0pour \u00e9valuer l\u2019impact des activit\u00e9s humaines.<\/p>\t\t\t\t\t\t\t\t<\/div>\n\t\t\t\t\t<\/div>\n\t\t\t\t<\/div>\n\t\t<div class=\"elementor-element elementor-element-5a7d6a7 e-flex e-con-boxed e-con e-parent\" data-id=\"5a7d6a7\" data-element_type=\"container\" data-e-type=\"container\">\n\t\t\t\t\t<div class=\"e-con-inner\">\n\t\t\t\t<div class=\"elementor-element elementor-element-76bce3d elementor-widget elementor-widget-text-editor\" data-id=\"76bce3d\" data-element_type=\"widget\" data-e-type=\"widget\" data-widget_type=\"text-editor.default\">\n\t\t\t\t\t\t\t\t\t<p><strong><a href=\"https:\/\/www.vigienature-ecole.fr\/\">De l\u2019\u00e9cole maternelle au lyc\u00e9e<\/a>\u00a0:<\/strong><\/p><p><strong>Placettes \u00e0 vers de terre<\/strong>\u00a0: \u00e9valuer l\u2019\u00e9tat de sant\u00e9 des sols en\u00a0<a href=\"https:\/\/www.vigienature-ecole.fr\/vdt\">suivant les populations de vers de terre en ville<\/a>.<br \/><strong>Op\u00e9ration escargots<\/strong>\u00a0:\u00a0<a href=\"https:\/\/www.vigienature-ecole.fr\/escargots\">identifier les limaces et les escargots dans les cours d\u2019\u00e9coles<\/a>\u00a0pour \u00e9valuer l\u2019impact des espaces verts et de leur mode de gestion sur les esp\u00e8ces.<br \/><strong>Oiseaux des jardins<\/strong>\u00a0: \u00e9valuer les\u00a0<a href=\"https:\/\/www.vigienature-ecole.fr\/oiseaux\">effets du climat et de l\u2019urbanisation sur les populations d\u2019oiseaux<\/a>.<br \/><strong>L\u2019observatoire des saisons<\/strong>\u00a0: observation des\u00a0<a href=\"https:\/\/www.obs-saisons.fr\/\">rythmes saisonniers sur diverses esp\u00e8ces de faune et de flore<\/a>.<\/p>\t\t\t\t\t\t\t\t<\/div>\n\t\t\t\t\t<\/div>\n\t\t\t\t<\/div>\n\t\t\t\t<\/div>\n\t\t","protected":false},"excerpt":{"rendered":"<p>Le site\u00a0www.jardiner-autrement.fr, anim\u00e9 par la Soci\u00e9t\u00e9 Nationale d\u2019Horticulture de France depuis 2010, se veut un site d\u2019informations fiables sans parti pris autre que celui d\u2019un jardinage raisonn\u00e9. En rappelant les fondamentaux pour un jardin en bonne sant\u00e9, en faisant le point sur les techniques alternatives efficaces, l\u2019objectif est d\u2019apporter des cl\u00e9s pour r\u00e9ussir un jardin [&hellip;]<\/p>\n","protected":false},"author":2,"featured_media":103,"parent":0,"menu_order":0,"comment_status":"closed","ping_status":"closed","template":"elementor_header_footer","meta":{"_eb_attr":"","ocean_post_layout":"","ocean_both_sidebars_style":"","ocean_both_sidebars_content_width":0,"ocean_both_sidebars_sidebars_width":0,"ocean_sidebar":"","ocean_second_sidebar":"","ocean_disable_margins":"enable","ocean_add_body_class":"","ocean_shortcode_before_top_bar":"","ocean_shortcode_after_top_bar":"","ocean_shortcode_before_header":"","ocean_shortcode_after_header":"","ocean_has_shortcode":"","ocean_shortcode_after_title":"","ocean_shortcode_before_footer_widgets":"","ocean_shortcode_after_footer_widgets":"","ocean_shortcode_before_footer_bottom":"","ocean_shortcode_after_footer_bottom":"","ocean_display_top_bar":"default","ocean_display_header":"default","ocean_header_style":"","ocean_center_header_left_menu":"","ocean_custom_header_template":"","ocean_custom_logo":0,"ocean_custom_retina_logo":0,"ocean_custom_logo_max_width":0,"ocean_custom_logo_tablet_max_width":0,"ocean_custom_logo_mobile_max_width":0,"ocean_custom_logo_max_height":0,"ocean_custom_logo_tablet_max_height":0,"ocean_custom_logo_mobile_max_height":0,"ocean_header_custom_menu":"","ocean_menu_typo_font_family":"","ocean_menu_typo_font_subset":"","ocean_menu_typo_font_size":0,"ocean_menu_typo_font_size_tablet":0,"ocean_menu_typo_font_size_mobile":0,"ocean_menu_typo_font_size_unit":"px","ocean_menu_typo_font_weight":"","ocean_menu_typo_font_weight_tablet":"","ocean_menu_typo_font_weight_mobile":"","ocean_menu_typo_transform":"","ocean_menu_typo_transform_tablet":"","ocean_menu_typo_transform_mobile":"","ocean_menu_typo_line_height":0,"ocean_menu_typo_line_height_tablet":0,"ocean_menu_typo_line_height_mobile":0,"ocean_menu_typo_line_height_unit":"","ocean_menu_typo_spacing":0,"ocean_menu_typo_spacing_tablet":0,"ocean_menu_typo_spacing_mobile":0,"ocean_menu_typo_spacing_unit":"","ocean_menu_link_color":"","ocean_menu_link_color_hover":"","ocean_menu_link_color_active":"","ocean_menu_link_background":"","ocean_menu_link_hover_background":"","ocean_menu_link_active_background":"","ocean_menu_social_links_bg":"","ocean_menu_social_hover_links_bg":"","ocean_menu_social_links_color":"","ocean_menu_social_hover_links_color":"","ocean_disable_title":"default","ocean_disable_heading":"default","ocean_post_title":"","ocean_post_subheading":"","ocean_post_title_style":"","ocean_post_title_background_color":"","ocean_post_title_background":0,"ocean_post_title_bg_image_position":"","ocean_post_title_bg_image_attachment":"","ocean_post_title_bg_image_repeat":"","ocean_post_title_bg_image_size":"","ocean_post_title_height":0,"ocean_post_title_bg_overlay":0.5,"ocean_post_title_bg_overlay_color":"","ocean_disable_breadcrumbs":"default","ocean_breadcrumbs_color":"","ocean_breadcrumbs_separator_color":"","ocean_breadcrumbs_links_color":"","ocean_breadcrumbs_links_hover_color":"","ocean_display_footer_widgets":"default","ocean_display_footer_bottom":"default","ocean_custom_footer_template":"","footnotes":""},"class_list":["post-1599","page","type-page","status-publish","has-post-thumbnail","hentry","entry","has-media"],"yoast_head":"<!-- This site is optimized with the Yoast SEO plugin v27.6 - https:\/\/yoast.com\/product\/yoast-seo-wordpress\/ -->\n<title>JARDINER AUTREMENT - Embellissons la Touraine<\/title>\n<meta name=\"description\" content=\"Embellissons la Touraine. Fleurissement des villes et villages d&#039;Indre et Loire. Conseils, inscriptions aux concours, Labels.\" \/>\n<meta name=\"robots\" content=\"index, follow, max-snippet:-1, max-image-preview:large, max-video-preview:-1\" \/>\n<link rel=\"canonical\" href=\"https:\/\/www.embellissonslatouraine.fr\/index.php\/jardiner-autrement\/\" \/>\n<meta property=\"og:locale\" content=\"fr_FR\" \/>\n<meta property=\"og:type\" content=\"article\" \/>\n<meta property=\"og:title\" content=\"JARDINER AUTREMENT - Embellissons la Touraine\" \/>\n<meta property=\"og:description\" content=\"Embellissons la Touraine. Fleurissement des villes et villages d&#039;Indre et Loire. Conseils, inscriptions aux concours, Labels.\" \/>\n<meta property=\"og:url\" content=\"https:\/\/www.embellissonslatouraine.fr\/index.php\/jardiner-autrement\/\" \/>\n<meta property=\"og:site_name\" content=\"Embellissons la Touraine\" \/>\n<meta property=\"article:modified_time\" content=\"2026-03-30T14:18:19+00:00\" \/>\n<meta property=\"og:image\" content=\"http:\/\/www.embellissonslatouraine.fr\/wp-content\/uploads\/2025\/10\/accueil.jpg\" \/>\n\t<meta property=\"og:image:width\" content=\"1116\" \/>\n\t<meta property=\"og:image:height\" content=\"285\" \/>\n\t<meta property=\"og:image:type\" content=\"image\/jpeg\" \/>\n<meta name=\"twitter:card\" content=\"summary_large_image\" \/>\n<meta name=\"twitter:label1\" content=\"Dur\u00e9e de lecture estim\u00e9e\" \/>\n\t<meta name=\"twitter:data1\" content=\"3 minutes\" \/>\n<script type=\"application\/ld+json\" class=\"yoast-schema-graph\">{\"@context\":\"https:\\\/\\\/schema.org\",\"@graph\":[{\"@type\":\"WebPage\",\"@id\":\"https:\\\/\\\/www.embellissonslatouraine.fr\\\/index.php\\\/jardiner-autrement\\\/\",\"url\":\"https:\\\/\\\/www.embellissonslatouraine.fr\\\/index.php\\\/jardiner-autrement\\\/\",\"name\":\"JARDINER AUTREMENT - Embellissons la Touraine\",\"isPartOf\":{\"@id\":\"https:\\\/\\\/www.embellissonslatouraine.fr\\\/#website\"},\"primaryImageOfPage\":{\"@id\":\"https:\\\/\\\/www.embellissonslatouraine.fr\\\/index.php\\\/jardiner-autrement\\\/#primaryimage\"},\"image\":{\"@id\":\"https:\\\/\\\/www.embellissonslatouraine.fr\\\/index.php\\\/jardiner-autrement\\\/#primaryimage\"},\"thumbnailUrl\":\"https:\\\/\\\/www.embellissonslatouraine.fr\\\/wp-content\\\/uploads\\\/2025\\\/10\\\/accueil.jpg\",\"datePublished\":\"2026-03-27T10:57:35+00:00\",\"dateModified\":\"2026-03-30T14:18:19+00:00\",\"description\":\"Embellissons la Touraine. Fleurissement des villes et villages d'Indre et Loire. Conseils, inscriptions aux concours, Labels.\",\"breadcrumb\":{\"@id\":\"https:\\\/\\\/www.embellissonslatouraine.fr\\\/index.php\\\/jardiner-autrement\\\/#breadcrumb\"},\"inLanguage\":\"fr-FR\",\"potentialAction\":[{\"@type\":\"ReadAction\",\"target\":[\"https:\\\/\\\/www.embellissonslatouraine.fr\\\/index.php\\\/jardiner-autrement\\\/\"]}]},{\"@type\":\"ImageObject\",\"inLanguage\":\"fr-FR\",\"@id\":\"https:\\\/\\\/www.embellissonslatouraine.fr\\\/index.php\\\/jardiner-autrement\\\/#primaryimage\",\"url\":\"https:\\\/\\\/www.embellissonslatouraine.fr\\\/wp-content\\\/uploads\\\/2025\\\/10\\\/accueil.jpg\",\"contentUrl\":\"https:\\\/\\\/www.embellissonslatouraine.fr\\\/wp-content\\\/uploads\\\/2025\\\/10\\\/accueil.jpg\",\"width\":1116,\"height\":285},{\"@type\":\"BreadcrumbList\",\"@id\":\"https:\\\/\\\/www.embellissonslatouraine.fr\\\/index.php\\\/jardiner-autrement\\\/#breadcrumb\",\"itemListElement\":[{\"@type\":\"ListItem\",\"position\":1,\"name\":\"Accueil\",\"item\":\"https:\\\/\\\/www.embellissonslatouraine.fr\\\/\"},{\"@type\":\"ListItem\",\"position\":2,\"name\":\"JARDINER AUTREMENT\"}]},{\"@type\":\"WebSite\",\"@id\":\"https:\\\/\\\/www.embellissonslatouraine.fr\\\/#website\",\"url\":\"https:\\\/\\\/www.embellissonslatouraine.fr\\\/\",\"name\":\"Embellissons la Touraine\",\"description\":\"Embellissons la Touraine\",\"publisher\":{\"@id\":\"https:\\\/\\\/www.embellissonslatouraine.fr\\\/#organization\"},\"potentialAction\":[{\"@type\":\"SearchAction\",\"target\":{\"@type\":\"EntryPoint\",\"urlTemplate\":\"https:\\\/\\\/www.embellissonslatouraine.fr\\\/?s={search_term_string}\"},\"query-input\":{\"@type\":\"PropertyValueSpecification\",\"valueRequired\":true,\"valueName\":\"search_term_string\"}}],\"inLanguage\":\"fr-FR\"},{\"@type\":\"Organization\",\"@id\":\"https:\\\/\\\/www.embellissonslatouraine.fr\\\/#organization\",\"name\":\"Embellissons la Touraine\",\"url\":\"https:\\\/\\\/www.embellissonslatouraine.fr\\\/\",\"logo\":{\"@type\":\"ImageObject\",\"inLanguage\":\"fr-FR\",\"@id\":\"https:\\\/\\\/www.embellissonslatouraine.fr\\\/#\\\/schema\\\/logo\\\/image\\\/\",\"url\":\"https:\\\/\\\/www.embellissonslatouraine.fr\\\/wp-content\\\/uploads\\\/2025\\\/10\\\/LOGO-OFFICIEL-VILLES-ET-VILLAGES-FLEURIS-JPEG.jpg\",\"contentUrl\":\"https:\\\/\\\/www.embellissonslatouraine.fr\\\/wp-content\\\/uploads\\\/2025\\\/10\\\/LOGO-OFFICIEL-VILLES-ET-VILLAGES-FLEURIS-JPEG.jpg\",\"width\":1578,\"height\":481,\"caption\":\"Embellissons la Touraine\"},\"image\":{\"@id\":\"https:\\\/\\\/www.embellissonslatouraine.fr\\\/#\\\/schema\\\/logo\\\/image\\\/\"}}]}<\/script>\n<!-- \/ Yoast SEO plugin. -->","yoast_head_json":{"title":"JARDINER AUTREMENT - Embellissons la Touraine","description":"Embellissons la Touraine. Fleurissement des villes et villages d'Indre et Loire. Conseils, inscriptions aux concours, Labels.","robots":{"index":"index","follow":"follow","max-snippet":"max-snippet:-1","max-image-preview":"max-image-preview:large","max-video-preview":"max-video-preview:-1"},"canonical":"https:\/\/www.embellissonslatouraine.fr\/index.php\/jardiner-autrement\/","og_locale":"fr_FR","og_type":"article","og_title":"JARDINER AUTREMENT - Embellissons la Touraine","og_description":"Embellissons la Touraine. Fleurissement des villes et villages d'Indre et Loire. Conseils, inscriptions aux concours, Labels.","og_url":"https:\/\/www.embellissonslatouraine.fr\/index.php\/jardiner-autrement\/","og_site_name":"Embellissons la Touraine","article_modified_time":"2026-03-30T14:18:19+00:00","og_image":[{"width":1116,"height":285,"url":"http:\/\/www.embellissonslatouraine.fr\/wp-content\/uploads\/2025\/10\/accueil.jpg","type":"image\/jpeg"}],"twitter_card":"summary_large_image","twitter_misc":{"Dur\u00e9e de lecture estim\u00e9e":"3 minutes"},"schema":{"@context":"https:\/\/schema.org","@graph":[{"@type":"WebPage","@id":"https:\/\/www.embellissonslatouraine.fr\/index.php\/jardiner-autrement\/","url":"https:\/\/www.embellissonslatouraine.fr\/index.php\/jardiner-autrement\/","name":"JARDINER AUTREMENT - Embellissons la Touraine","isPartOf":{"@id":"https:\/\/www.embellissonslatouraine.fr\/#website"},"primaryImageOfPage":{"@id":"https:\/\/www.embellissonslatouraine.fr\/index.php\/jardiner-autrement\/#primaryimage"},"image":{"@id":"https:\/\/www.embellissonslatouraine.fr\/index.php\/jardiner-autrement\/#primaryimage"},"thumbnailUrl":"https:\/\/www.embellissonslatouraine.fr\/wp-content\/uploads\/2025\/10\/accueil.jpg","datePublished":"2026-03-27T10:57:35+00:00","dateModified":"2026-03-30T14:18:19+00:00","description":"Embellissons la Touraine. Fleurissement des villes et villages d'Indre et Loire. Conseils, inscriptions aux concours, Labels.","breadcrumb":{"@id":"https:\/\/www.embellissonslatouraine.fr\/index.php\/jardiner-autrement\/#breadcrumb"},"inLanguage":"fr-FR","potentialAction":[{"@type":"ReadAction","target":["https:\/\/www.embellissonslatouraine.fr\/index.php\/jardiner-autrement\/"]}]},{"@type":"ImageObject","inLanguage":"fr-FR","@id":"https:\/\/www.embellissonslatouraine.fr\/index.php\/jardiner-autrement\/#primaryimage","url":"https:\/\/www.embellissonslatouraine.fr\/wp-content\/uploads\/2025\/10\/accueil.jpg","contentUrl":"https:\/\/www.embellissonslatouraine.fr\/wp-content\/uploads\/2025\/10\/accueil.jpg","width":1116,"height":285},{"@type":"BreadcrumbList","@id":"https:\/\/www.embellissonslatouraine.fr\/index.php\/jardiner-autrement\/#breadcrumb","itemListElement":[{"@type":"ListItem","position":1,"name":"Accueil","item":"https:\/\/www.embellissonslatouraine.fr\/"},{"@type":"ListItem","position":2,"name":"JARDINER AUTREMENT"}]},{"@type":"WebSite","@id":"https:\/\/www.embellissonslatouraine.fr\/#website","url":"https:\/\/www.embellissonslatouraine.fr\/","name":"Embellissons la Touraine","description":"Embellissons la Touraine","publisher":{"@id":"https:\/\/www.embellissonslatouraine.fr\/#organization"},"potentialAction":[{"@type":"SearchAction","target":{"@type":"EntryPoint","urlTemplate":"https:\/\/www.embellissonslatouraine.fr\/?s={search_term_string}"},"query-input":{"@type":"PropertyValueSpecification","valueRequired":true,"valueName":"search_term_string"}}],"inLanguage":"fr-FR"},{"@type":"Organization","@id":"https:\/\/www.embellissonslatouraine.fr\/#organization","name":"Embellissons la Touraine","url":"https:\/\/www.embellissonslatouraine.fr\/","logo":{"@type":"ImageObject","inLanguage":"fr-FR","@id":"https:\/\/www.embellissonslatouraine.fr\/#\/schema\/logo\/image\/","url":"https:\/\/www.embellissonslatouraine.fr\/wp-content\/uploads\/2025\/10\/LOGO-OFFICIEL-VILLES-ET-VILLAGES-FLEURIS-JPEG.jpg","contentUrl":"https:\/\/www.embellissonslatouraine.fr\/wp-content\/uploads\/2025\/10\/LOGO-OFFICIEL-VILLES-ET-VILLAGES-FLEURIS-JPEG.jpg","width":1578,"height":481,"caption":"Embellissons la Touraine"},"image":{"@id":"https:\/\/www.embellissonslatouraine.fr\/#\/schema\/logo\/image\/"}}]}},"_links":{"self":[{"href":"https:\/\/www.embellissonslatouraine.fr\/index.php\/wp-json\/wp\/v2\/pages\/1599","targetHints":{"allow":["GET"]}}],"collection":[{"href":"https:\/\/www.embellissonslatouraine.fr\/index.php\/wp-json\/wp\/v2\/pages"}],"about":[{"href":"https:\/\/www.embellissonslatouraine.fr\/index.php\/wp-json\/wp\/v2\/types\/page"}],"author":[{"embeddable":true,"href":"https:\/\/www.embellissonslatouraine.fr\/index.php\/wp-json\/wp\/v2\/users\/2"}],"replies":[{"embeddable":true,"href":"https:\/\/www.embellissonslatouraine.fr\/index.php\/wp-json\/wp\/v2\/comments?post=1599"}],"version-history":[{"count":18,"href":"https:\/\/www.embellissonslatouraine.fr\/index.php\/wp-json\/wp\/v2\/pages\/1599\/revisions"}],"predecessor-version":[{"id":1718,"href":"https:\/\/www.embellissonslatouraine.fr\/index.php\/wp-json\/wp\/v2\/pages\/1599\/revisions\/1718"}],"wp:featuredmedia":[{"embeddable":true,"href":"https:\/\/www.embellissonslatouraine.fr\/index.php\/wp-json\/wp\/v2\/media\/103"}],"wp:attachment":[{"href":"https:\/\/www.embellissonslatouraine.fr\/index.php\/wp-json\/wp\/v2\/media?parent=1599"}],"curies":[{"name":"wp","href":"https:\/\/api.w.org\/{rel}","templated":true}]}}